{"id":157,"date":"2013-02-21T12:59:21","date_gmt":"2013-02-21T10:59:21","guid":{"rendered":"http:\/\/www.krabbelstube-krachmacherstrasse.de\/?page_id=157"},"modified":"2023-04-29T16:47:55","modified_gmt":"2023-04-29T14:47:55","slug":"5-offnungszeiten-und-elternbeitrage","status":"publish","type":"page","link":"https:\/\/www.krabbelstube-krachmacherstrasse.de\/?page_id=157","title":{"rendered":"5. \u00d6ffnungszeiten und Elternbeitr\u00e4ge"},"content":{"rendered":"\n<p>Unsere \u00d6ffnungszeiten werden regelm\u00e4\u00dfig bei der Mitgliederversammlung mit den Eltern abgestimmt. Hierbei ist jedoch immer zu ber\u00fccksichtigen, dass die Erzieher*innen nur ein gewisses Stundenkontingent zur Verf\u00fcgung haben.<\/p>\n\n\n\n<p>Unsere aktuellen \u00d6ffnungszeiten sind:<\/p>\n\n\n\n<div class=\"wp-block-group is-nowrap is-layout-flex wp-container-1\">\n<p>Montag bis Donnerstag:<br>Freitag:\u00a0<\/p>\n\n\n\n<p>7:30 Uhr bis 16.30 Uhr<br>7:30 Uhr bis 16:00 Uhr<\/p>\n<\/div>\n\n\n\n<p>Zwischen 8.45 Uhr und 14:00 Uhr ist unsere Kernzeit, innerhalb dieses Zeitraums sollten alle Kinder anwesend sein.<\/p>\n\n\n\n<p>Die Krabbelstube schlie\u00dft in der Regel ca. 7 Wochen im Jahr. Die Schlie\u00dfzeiten werden bei der Mitgliederversammlung im September f\u00fcr das bestehende Krabbelstubenjahr festgelegt.<\/p>\n\n\n\n<p>Elternbeitr\u00e4ge:<\/p>\n\n\n\n<p>Gem\u00e4\u00df dem BayKiBiG staffelt sich der Elternbeitrag nach Stunden:<\/p>\n\n\n\n<p>3-4 Stunden (entspricht 15,25-20 Std.\/Woche): 290\u20ac<br>4-5 Stunden (entspricht 20,25-25 Std.\/Woche): 320\u20ac<br>5-6 Stunden (entspricht 25,25-30 Std.\/Woche): 350\u20ac<br>6-7 Stunden (entspricht 30,25-35 Std.\/Woche): 380\u20ac<br>7-8 Stunden (entspricht 35,25-40 Std.\/Woche): 410\u20ac<br>8-9 Stunden (entspricht 40,25-45 Std.\/Woche): 440\u20ac<\/p>\n\n\n\n<p>Zus\u00e4tzlich ist monatlich eine Essenspauschale f\u00fcr Getr\u00e4nke, Fr\u00fchst\u00fcck, Vesper und Mittagessen von 65\u20ac zu zahlen.<\/p>\n","protected":false},"excerpt":{"rendered":"<p>Unsere \u00d6ffnungszeiten werden regelm\u00e4\u00dfig bei der Mitgliederversammlung mit den Eltern abgestimmt. Hierbei ist jedoch immer zu ber\u00fccksichtigen, dass die Erzieher*innen nur ein gewisses Stundenkontingent zur Verf\u00fcgung haben. Unsere aktuellen \u00d6ffnungszeiten sind: Montag bis Donnerstag:Freitag:\u00a0 7:30 Uhr bis 16.30 Uhr7:30 Uhr&hellip;<\/p>\n<p class=\"more-link-p\"><a class=\"more-link\" href=\"https:\/\/www.krabbelstube-krachmacherstrasse.de\/?page_id=157\">Read more &rarr;<\/a><\/p>\n","protected":false},"author":1,"featured_media":0,"parent":21,"menu_order":5,"comment_status":"closed","ping_status":"closed","template":"","meta":[],"_links":{"self":[{"href":"https:\/\/www.krabbelstube-krachmacherstrasse.de\/index.php?rest_route=\/wp\/v2\/pages\/157"}],"collection":[{"href":"https:\/\/www.krabbelstube-krachmacherstrasse.de\/index.php?rest_route=\/wp\/v2\/pages"}],"about":[{"href":"https:\/\/www.krabbelstube-krachmacherstrasse.de\/index.php?rest_route=\/wp\/v2\/types\/page"}],"author":[{"embeddable":true,"href":"https:\/\/www.krabbelstube-krachmacherstrasse.de\/index.php?rest_route=\/wp\/v2\/users\/1"}],"replies":[{"embeddable":true,"href":"https:\/\/www.krabbelstube-krachmacherstrasse.de\/index.php?rest_route=%2Fwp%2Fv2%2Fcomments&post=157"}],"version-history":[{"count":8,"href":"https:\/\/www.krabbelstube-krachmacherstrasse.de\/index.php?rest_route=\/wp\/v2\/pages\/157\/revisions"}],"predecessor-version":[{"id":623,"href":"https:\/\/www.krabbelstube-krachmacherstrasse.de\/index.php?rest_route=\/wp\/v2\/pages\/157\/revisions\/623"}],"up":[{"embeddable":true,"href":"https:\/\/www.krabbelstube-krachmacherstrasse.de\/index.php?rest_route=\/wp\/v2\/pages\/21"}],"wp:attachment":[{"href":"https:\/\/www.krabbelstube-krachmacherstrasse.de\/index.php?rest_route=%2Fwp%2Fv2%2Fmedia&parent=157"}],"curies":[{"name":"wp","href":"https:\/\/api.w.org\/{rel}","templated":true}]}}