{"id":164,"date":"2013-02-21T13:01:57","date_gmt":"2013-02-21T11:01:57","guid":{"rendered":"http:\/\/www.krabbelstube-krachmacherstrasse.de\/?page_id=164"},"modified":"2013-02-21T13:04:42","modified_gmt":"2013-02-21T11:04:42","slug":"1-1-trager","status":"publish","type":"page","link":"https:\/\/www.krabbelstube-krachmacherstrasse.de\/?page_id=164","title":{"rendered":"1.1 Tr\u00e4ger"},"content":{"rendered":"<p>Die Krachmacherstra\u00dfe ist seit 2006 ein eingetragener gemeinn\u00fctziger Verein. Mitglieder des Vereins sind die Eltern und die Erzieherinnen des Vereins. Der Vorstand bildet sich aus aktiven Eltern des bestehenden Krabbelstubenjahres und wird einmal j\u00e4hrlich von der Mitgliederversammlung gew\u00e4hlt. Die Krachmacherstra\u00dfe e.V. ist vom Jugendamt der Stadt N\u00fcrnberg als \u201efreier Tr\u00e4ger der Kinder- und Jugendhilfe\u201c anerkannt. Die Tr\u00e4gerschaft der Krabbelstube \u00fcbernehmen demnach die Eltern. Die sich daraus ergebenden Aufgaben und Arbeiten teilen sich die Eltern mit den Erzieherinnen. In Jahreshauptversammlungen (einmal im Jahr), Vorstandssitzungen und bei Elternabenden (ca. neunmal im Krabbelstubenjahr) werden die unterschiedlichen Aufgaben verteilt und besprochen.<\/p>\n<p>Der Dachverband der Krabbelstube ist der Verein \u201eSelbstorganisierten Kindertageseinrichtungen e.V.\u201c (SOKE e.V.).<\/p>\n","protected":false},"excerpt":{"rendered":"<p>Die Krachmacherstra\u00dfe ist seit 2006 ein eingetragener gemeinn\u00fctziger Verein. Mitglieder des Vereins sind die Eltern und die Erzieherinnen des Vereins. Der Vorstand bildet sich aus aktiven Eltern des bestehenden Krabbelstubenjahres und wird einmal j\u00e4hrlich von der Mitgliederversammlung gew\u00e4hlt. Die Krachmacherstra\u00dfe&hellip;<\/p>\n<p class=\"more-link-p\"><a class=\"more-link\" href=\"https:\/\/www.krabbelstube-krachmacherstrasse.de\/?page_id=164\">Read more &rarr;<\/a><\/p>\n","protected":false},"author":1,"featured_media":0,"parent":149,"menu_order":1,"comment_status":"closed","ping_status":"closed","template":"","meta":[],"_links":{"self":[{"href":"https:\/\/www.krabbelstube-krachmacherstrasse.de\/index.php?rest_route=\/wp\/v2\/pages\/164"}],"collection":[{"href":"https:\/\/www.krabbelstube-krachmacherstrasse.de\/index.php?rest_route=\/wp\/v2\/pages"}],"about":[{"href":"https:\/\/www.krabbelstube-krachmacherstrasse.de\/index.php?rest_route=\/wp\/v2\/types\/page"}],"author":[{"embeddable":true,"href":"https:\/\/www.krabbelstube-krachmacherstrasse.de\/index.php?rest_route=\/wp\/v2\/users\/1"}],"replies":[{"embeddable":true,"href":"https:\/\/www.krabbelstube-krachmacherstrasse.de\/index.php?rest_route=%2Fwp%2Fv2%2Fcomments&post=164"}],"version-history":[{"count":2,"href":"https:\/\/www.krabbelstube-krachmacherstrasse.de\/index.php?rest_route=\/wp\/v2\/pages\/164\/revisions"}],"predecessor-version":[{"id":176,"href":"https:\/\/www.krabbelstube-krachmacherstrasse.de\/index.php?rest_route=\/wp\/v2\/pages\/164\/revisions\/176"}],"up":[{"embeddable":true,"href":"https:\/\/www.krabbelstube-krachmacherstrasse.de\/index.php?rest_route=\/wp\/v2\/pages\/149"}],"wp:attachment":[{"href":"https:\/\/www.krabbelstube-krachmacherstrasse.de\/index.php?rest_route=%2Fwp%2Fv2%2Fmedia&parent=164"}],"curies":[{"name":"wp","href":"https:\/\/api.w.org\/{rel}","templated":true}]}}