{"id":166,"date":"2013-02-21T13:02:17","date_gmt":"2013-02-21T11:02:17","guid":{"rendered":"http:\/\/www.krabbelstube-krachmacherstrasse.de\/?page_id=166"},"modified":"2013-02-21T13:05:35","modified_gmt":"2013-02-21T11:05:35","slug":"1-2-raumlichkeiten","status":"publish","type":"page","link":"https:\/\/www.krabbelstube-krachmacherstrasse.de\/?page_id=166","title":{"rendered":"1.2 R\u00e4umlichkeiten"},"content":{"rendered":"<p>Die Krabbelstube Krachmacherstra\u00dfe befindet sich N\u00fcrnberg\/ Gostenhof, in einer Erdgeschoss-Altbau-Wohnung. Den zugeh\u00f6rigen Hinterhof kann die Krabbelstube als Au\u00dfenspielfl\u00e4che nutzen. Zus\u00e4tzlich ist ein kleines St\u00fcck des Hofes allein f\u00fcr die Krabbelstube abgeteilt; in diesem Bereich steht ein Sandkasten zur Verf\u00fcgung.<\/p>\n<p>Die Wohnung verf\u00fcgt \u00fcber zwei aneinander liegende Spielzimmer, in denen gespielt, gegessen, gemalt, gelacht, gesungen und sich ausprobiert werden kann. Weiterhin stehen eine K\u00fcche, ein kindgerechtes Badezimmer mit Kindertoilette und Badem\u00f6glichkeit, ein B\u00fcro- bzw. Personalraum mit integriertem Kreativ-Atelier und ein Schlaf- und Ruhezimmer, in dem geschlafen, gekuschelt und getobt werden kann, bereit.<\/p>\n<p>Bei der Einrichtung unserer R\u00e4ume sind wir darauf bedacht, dass die Ausstattung kindgerecht, freundlich und anregend ist. Die Kinder sollen sich ausprobieren und ihre Umwelt erkunden k\u00f6nnen. F\u00fcr uns ist es wichtig, dass Material und M\u00f6bel die Kinder an- und ihren Aktivit\u00e4ten entspricht. M\u00f6bel sollen Kinder zum Festhalten und als St\u00fctze beim Laufen lernen dienen, verschiedene Bewegungsm\u00f6glichkeiten bieten k\u00f6nnen und das Spielmaterial die Neugier erwecken sowie zum Experimentieren und Erforschen geeignet sein. Die umgebende Umwelt soll die Initiative des Kindes anregen, so dass das Kind Raum und M\u00f6glichkeit erh\u00e4lt, sich zu entwickeln und auszuprobieren, ohne auf die Hilfestellung Erwachsener angewiesen zu sein. Es soll sich als eigenst\u00e4ndiges, handelndes Individuum erfahren k\u00f6nnen.<\/p>\n","protected":false},"excerpt":{"rendered":"<p>Die Krabbelstube Krachmacherstra\u00dfe befindet sich N\u00fcrnberg\/ Gostenhof, in einer Erdgeschoss-Altbau-Wohnung. Den zugeh\u00f6rigen Hinterhof kann die Krabbelstube als Au\u00dfenspielfl\u00e4che nutzen. Zus\u00e4tzlich ist ein kleines St\u00fcck des Hofes allein f\u00fcr die Krabbelstube abgeteilt; in diesem Bereich steht ein Sandkasten zur Verf\u00fcgung. Die&hellip;<\/p>\n<p class=\"more-link-p\"><a class=\"more-link\" href=\"https:\/\/www.krabbelstube-krachmacherstrasse.de\/?page_id=166\">Read more &rarr;<\/a><\/p>\n","protected":false},"author":1,"featured_media":0,"parent":149,"menu_order":2,"comment_status":"closed","ping_status":"closed","template":"","meta":[],"_links":{"self":[{"href":"https:\/\/www.krabbelstube-krachmacherstrasse.de\/index.php?rest_route=\/wp\/v2\/pages\/166"}],"collection":[{"href":"https:\/\/www.krabbelstube-krachmacherstrasse.de\/index.php?rest_route=\/wp\/v2\/pages"}],"about":[{"href":"https:\/\/www.krabbelstube-krachmacherstrasse.de\/index.php?rest_route=\/wp\/v2\/types\/page"}],"author":[{"embeddable":true,"href":"https:\/\/www.krabbelstube-krachmacherstrasse.de\/index.php?rest_route=\/wp\/v2\/users\/1"}],"replies":[{"embeddable":true,"href":"https:\/\/www.krabbelstube-krachmacherstrasse.de\/index.php?rest_route=%2Fwp%2Fv2%2Fcomments&post=166"}],"version-history":[{"count":3,"href":"https:\/\/www.krabbelstube-krachmacherstrasse.de\/index.php?rest_route=\/wp\/v2\/pages\/166\/revisions"}],"predecessor-version":[{"id":178,"href":"https:\/\/www.krabbelstube-krachmacherstrasse.de\/index.php?rest_route=\/wp\/v2\/pages\/166\/revisions\/178"}],"up":[{"embeddable":true,"href":"https:\/\/www.krabbelstube-krachmacherstrasse.de\/index.php?rest_route=\/wp\/v2\/pages\/149"}],"wp:attachment":[{"href":"https:\/\/www.krabbelstube-krachmacherstrasse.de\/index.php?rest_route=%2Fwp%2Fv2%2Fmedia&parent=166"}],"curies":[{"name":"wp","href":"https:\/\/api.w.org\/{rel}","templated":true}]}}