{"id":168,"date":"2013-02-21T13:02:39","date_gmt":"2013-02-21T11:02:39","guid":{"rendered":"http:\/\/www.krabbelstube-krachmacherstrasse.de\/?page_id=168"},"modified":"2015-06-10T11:07:17","modified_gmt":"2015-06-10T09:07:17","slug":"1-3-personal","status":"publish","type":"page","link":"https:\/\/www.krabbelstube-krachmacherstrasse.de\/?page_id=168","title":{"rendered":"1.3 Personal"},"content":{"rendered":"<p>Seit August 2015 arbeiten in der Krabbelstube\u00a0drei staatlich anerkannte Erzieherinnen (13 Std., 18 Std, 35 Std.) und eine p\u00e4dagogische Fachkraft (33Std).\u00a0Jedes Jahr wird das Team von einer Praktikantin oder einem Praktikanten im Sozialp\u00e4dagogischen Seminar innerhalb der Ausbildung zum\/ zur Erzieher\/ in unterst\u00fctzt.<\/p>\n<p>Das p\u00e4dagogische Team soll eine Erziehungspartnerschaft gemeinsam mit den Eltern eingehen, um, gemeinsam mit und erg\u00e4nzend zu den Eltern, die Kinder optimal zu unterst\u00fctzen und zu f\u00f6rdern. Ebenso sollen die Erzieherinnen sich auf eine Beziehung zu den Kindern einlassen, damit sie ihnen stabile, wertsch\u00e4tzende und authentische Bezugspersonen sein k\u00f6nnen. Durch regelm\u00e4\u00dfige Fortbildungen und Teamtage bilden sich die Mitarbeiterinnen in ihrer fachlichen Qualifikation weiter.<\/p>\n","protected":false},"excerpt":{"rendered":"<p>Seit August 2015 arbeiten in der Krabbelstube\u00a0drei staatlich anerkannte Erzieherinnen (13 Std., 18 Std, 35 Std.) und eine p\u00e4dagogische Fachkraft (33Std).\u00a0Jedes Jahr wird das Team von einer Praktikantin oder einem Praktikanten im Sozialp\u00e4dagogischen Seminar innerhalb der Ausbildung zum\/ zur Erzieher\/&hellip;<\/p>\n<p class=\"more-link-p\"><a class=\"more-link\" href=\"https:\/\/www.krabbelstube-krachmacherstrasse.de\/?page_id=168\">Read more &rarr;<\/a><\/p>\n","protected":false},"author":1,"featured_media":0,"parent":149,"menu_order":3,"comment_status":"closed","ping_status":"closed","template":"","meta":[],"_links":{"self":[{"href":"https:\/\/www.krabbelstube-krachmacherstrasse.de\/index.php?rest_route=\/wp\/v2\/pages\/168"}],"collection":[{"href":"https:\/\/www.krabbelstube-krachmacherstrasse.de\/index.php?rest_route=\/wp\/v2\/pages"}],"about":[{"href":"https:\/\/www.krabbelstube-krachmacherstrasse.de\/index.php?rest_route=\/wp\/v2\/types\/page"}],"author":[{"embeddable":true,"href":"https:\/\/www.krabbelstube-krachmacherstrasse.de\/index.php?rest_route=\/wp\/v2\/users\/1"}],"replies":[{"embeddable":true,"href":"https:\/\/www.krabbelstube-krachmacherstrasse.de\/index.php?rest_route=%2Fwp%2Fv2%2Fcomments&post=168"}],"version-history":[{"count":5,"href":"https:\/\/www.krabbelstube-krachmacherstrasse.de\/index.php?rest_route=\/wp\/v2\/pages\/168\/revisions"}],"predecessor-version":[{"id":328,"href":"https:\/\/www.krabbelstube-krachmacherstrasse.de\/index.php?rest_route=\/wp\/v2\/pages\/168\/revisions\/328"}],"up":[{"embeddable":true,"href":"https:\/\/www.krabbelstube-krachmacherstrasse.de\/index.php?rest_route=\/wp\/v2\/pages\/149"}],"wp:attachment":[{"href":"https:\/\/www.krabbelstube-krachmacherstrasse.de\/index.php?rest_route=%2Fwp%2Fv2%2Fmedia&parent=168"}],"curies":[{"name":"wp","href":"https:\/\/api.w.org\/{rel}","templated":true}]}}