{"id":184,"date":"2013-02-21T13:08:23","date_gmt":"2013-02-21T11:08:23","guid":{"rendered":"http:\/\/www.krabbelstube-krachmacherstrasse.de\/?page_id=184"},"modified":"2013-02-21T13:08:23","modified_gmt":"2013-02-21T11:08:23","slug":"2-1-1-unser-bild-vom-kind","status":"publish","type":"page","link":"https:\/\/www.krabbelstube-krachmacherstrasse.de\/?page_id=184","title":{"rendered":"2.1.1 Unser Bild vom Kind"},"content":{"rendered":"<p><em>\u201eDas Kind ist Akteur seiner Entwicklung.\u201c<\/em><i> (Jean Piaget)<\/i><\/p>\n<p>Wir achten das Kind von Geburt an als vollwertigen, ganzen Menschen mit eigener Pers\u00f6nlichkeit und respektieren es in seiner Individualit\u00e4t. Wir sehen Kinder als kompetente Forscher und Entdecker, die ihre F\u00e4higkeiten durch Selbstt\u00e4tigkeit und eigene Versuche erwerben. Es sind die eigenen Entdeckungen, die sich im Ged\u00e4chtnis sowie im Selbstbild des Kindes festsetzen, nicht die Dinge, die der Erwachsene mit Worten oder Handlungen dem Kind vorwegnimmt. Wir wollen in jeder Situation den Kindern vermitteln: \u201eDu kannst etwas! Und Du kannst Deine F\u00e4higkeiten erweitern!\u201c Zu Lernprozessen geh\u00f6ren auch Misserfolge; wir vermitteln den Kindern, dass diese zum Leben dazugeh\u00f6ren und unterst\u00fctzen die Kinder, wenn sie auf unsere Hilfe angewiesen sind.<\/p>\n<p>Das Recht auf Selbst\u00e4ndigkeit und Autonomie bedeutet f\u00fcr uns nicht, dass die Kinder gezwungen werden, Handlungen alleine zu versuchen, was\u00a0 einer \u00dcberforderung und einem Druck gleich kommen kann. Stattdessen h\u00f6ren wir auf die Signale und Bed\u00fcrfnisse der Kinder und geben ihnen stets den Raum ihre Versuche und Experimente zu probieren, wenn und wann sie dies m\u00f6chten.<\/p>\n<p>Wir wollen die aktuelle Lebenssituation des einzelnen Kindes begreifen, verstehen und sie dort abholen. Entscheidungen werden nach M\u00f6glichkeit gemeinsam mit den Kindern getroffen und nicht \u00fcber ihre K\u00f6pfe hinweg. Wir vertreten das humanistische Menschenbild, was f\u00fcr uns bedeutet, dass wir der Meinung sind, dass jedes Kind sich als soziales Wesen in unsere Gesellschaft einf\u00fcgen m\u00f6chte. Wir unterstellen bei keiner Handlung der Kinder einen b\u00f6sen Willen, sondern suchen stets nach den Ausl\u00f6sern f\u00fcr das Verhalten.<\/p>\n","protected":false},"excerpt":{"rendered":"<p>\u201eDas Kind ist Akteur seiner Entwicklung.\u201c (Jean Piaget) Wir achten das Kind von Geburt an als vollwertigen, ganzen Menschen mit eigener Pers\u00f6nlichkeit und respektieren es in seiner Individualit\u00e4t. Wir sehen Kinder als kompetente Forscher und Entdecker, die ihre F\u00e4higkeiten durch&hellip;<\/p>\n<p class=\"more-link-p\"><a class=\"more-link\" href=\"https:\/\/www.krabbelstube-krachmacherstrasse.de\/?page_id=184\">Read more &rarr;<\/a><\/p>\n","protected":false},"author":1,"featured_media":0,"parent":182,"menu_order":1,"comment_status":"closed","ping_status":"closed","template":"","meta":[],"_links":{"self":[{"href":"https:\/\/www.krabbelstube-krachmacherstrasse.de\/index.php?rest_route=\/wp\/v2\/pages\/184"}],"collection":[{"href":"https:\/\/www.krabbelstube-krachmacherstrasse.de\/index.php?rest_route=\/wp\/v2\/pages"}],"about":[{"href":"https:\/\/www.krabbelstube-krachmacherstrasse.de\/index.php?rest_route=\/wp\/v2\/types\/page"}],"author":[{"embeddable":true,"href":"https:\/\/www.krabbelstube-krachmacherstrasse.de\/index.php?rest_route=\/wp\/v2\/users\/1"}],"replies":[{"embeddable":true,"href":"https:\/\/www.krabbelstube-krachmacherstrasse.de\/index.php?rest_route=%2Fwp%2Fv2%2Fcomments&post=184"}],"version-history":[{"count":1,"href":"https:\/\/www.krabbelstube-krachmacherstrasse.de\/index.php?rest_route=\/wp\/v2\/pages\/184\/revisions"}],"predecessor-version":[{"id":185,"href":"https:\/\/www.krabbelstube-krachmacherstrasse.de\/index.php?rest_route=\/wp\/v2\/pages\/184\/revisions\/185"}],"up":[{"embeddable":true,"href":"https:\/\/www.krabbelstube-krachmacherstrasse.de\/index.php?rest_route=\/wp\/v2\/pages\/182"}],"wp:attachment":[{"href":"https:\/\/www.krabbelstube-krachmacherstrasse.de\/index.php?rest_route=%2Fwp%2Fv2%2Fmedia&parent=184"}],"curies":[{"name":"wp","href":"https:\/\/api.w.org\/{rel}","templated":true}]}}