{"id":186,"date":"2013-02-21T13:09:13","date_gmt":"2013-02-21T11:09:13","guid":{"rendered":"http:\/\/www.krabbelstube-krachmacherstrasse.de\/?page_id=186"},"modified":"2013-02-21T13:09:13","modified_gmt":"2013-02-21T11:09:13","slug":"2-1-2-die-krabbelstube-als-ort-fur-familien","status":"publish","type":"page","link":"https:\/\/www.krabbelstube-krachmacherstrasse.de\/?page_id=186","title":{"rendered":"2.1.2 Die Krabbelstube als Ort f\u00fcr Familien"},"content":{"rendered":"<p>Nicht nur im organisatorischen Rahmen finden die Eltern ihren Platz in der Krabbelstube. Auch im Alltag haben die p\u00e4dagogischen Mitarbeiter Zeit f\u00fcr die Eltern und die Pflege der Erziehungspartnerschaft.<\/p>\n<p>Schon bei Eintritt in die Krabbelstube wird auf einen partnerschaftlichen und wertsch\u00e4tzenden Umgang miteinander wert gelegt. Damit die Kinder in der Krabbelstube Geborgenheit und Sicherheit sowie eine optimale Betreuung erfahren k\u00f6nnen, braucht es eine vertrauensvolle und offene Erziehungspartnerschaft zwischen Eltern und p\u00e4dagogischen Mitarbeitern. W\u00e4hrend die Vormittage der elternfreien Zeit mit p\u00e4dagogischen Angeboten, dem freien Spiel und dem Erleben in der Kindergruppe vorbehalten sind, stehen die Nachmittage auch den Eltern zur Verf\u00fcgung. Hier besteht die M\u00f6glichkeit, dass Kinder mit ihren Eltern beim Abholen noch einmal die Atmosph\u00e4re, die Spielsachen und die anderen Kinder genie\u00dfen k\u00f6nnen bevor sie die Krabbelstube gemeinsam verlassen. Neben den T\u00fcr- und Angelgespr\u00e4chen bietet sich hier die M\u00f6glichkeit, Themen, Ereignisse und Anliegen in einer gem\u00fctlichen Atmosph\u00e4re zu besprechen und sich auszutauschen. Weiterhin erhalten die Eltern die M\u00f6glichkeit, durch die \u201eoffenen\u201c Nachmittage ihr Kind in der Krabbelstube zu erleben, das Lieblingsspielzeug aktiv kennen zu lernen und einen kleinen Einblick in den Alltag zu gewinnen. Die Krabbelstube soll ein Ort sein, in dem sich Kinder, Eltern und p\u00e4dagogische Mitarbeiterinnen wohl f\u00fchlen k\u00f6nnen und aufgenommen werden, wie sie sind. Entscheidungen werden gemeinsam getroffen, wobei die Interessen der Kinder bzw. deren Bed\u00fcrfnisse immer prim\u00e4r ber\u00fccksichtigt werden, aber auch die Blickwinkel der Eltern und Erzieherinnen einbezogen werden.<\/p>\n","protected":false},"excerpt":{"rendered":"<p>Nicht nur im organisatorischen Rahmen finden die Eltern ihren Platz in der Krabbelstube. Auch im Alltag haben die p\u00e4dagogischen Mitarbeiter Zeit f\u00fcr die Eltern und die Pflege der Erziehungspartnerschaft. Schon bei Eintritt in die Krabbelstube wird auf einen partnerschaftlichen und&hellip;<\/p>\n<p class=\"more-link-p\"><a class=\"more-link\" href=\"https:\/\/www.krabbelstube-krachmacherstrasse.de\/?page_id=186\">Read more &rarr;<\/a><\/p>\n","protected":false},"author":1,"featured_media":0,"parent":182,"menu_order":2,"comment_status":"closed","ping_status":"closed","template":"","meta":[],"_links":{"self":[{"href":"https:\/\/www.krabbelstube-krachmacherstrasse.de\/index.php?rest_route=\/wp\/v2\/pages\/186"}],"collection":[{"href":"https:\/\/www.krabbelstube-krachmacherstrasse.de\/index.php?rest_route=\/wp\/v2\/pages"}],"about":[{"href":"https:\/\/www.krabbelstube-krachmacherstrasse.de\/index.php?rest_route=\/wp\/v2\/types\/page"}],"author":[{"embeddable":true,"href":"https:\/\/www.krabbelstube-krachmacherstrasse.de\/index.php?rest_route=\/wp\/v2\/users\/1"}],"replies":[{"embeddable":true,"href":"https:\/\/www.krabbelstube-krachmacherstrasse.de\/index.php?rest_route=%2Fwp%2Fv2%2Fcomments&post=186"}],"version-history":[{"count":1,"href":"https:\/\/www.krabbelstube-krachmacherstrasse.de\/index.php?rest_route=\/wp\/v2\/pages\/186\/revisions"}],"predecessor-version":[{"id":187,"href":"https:\/\/www.krabbelstube-krachmacherstrasse.de\/index.php?rest_route=\/wp\/v2\/pages\/186\/revisions\/187"}],"up":[{"embeddable":true,"href":"https:\/\/www.krabbelstube-krachmacherstrasse.de\/index.php?rest_route=\/wp\/v2\/pages\/182"}],"wp:attachment":[{"href":"https:\/\/www.krabbelstube-krachmacherstrasse.de\/index.php?rest_route=%2Fwp%2Fv2%2Fmedia&parent=186"}],"curies":[{"name":"wp","href":"https:\/\/api.w.org\/{rel}","templated":true}]}}