{"id":188,"date":"2013-02-21T13:09:56","date_gmt":"2013-02-21T11:09:56","guid":{"rendered":"http:\/\/www.krabbelstube-krachmacherstrasse.de\/?page_id=188"},"modified":"2013-02-21T13:09:56","modified_gmt":"2013-02-21T11:09:56","slug":"2-1-3-zeit","status":"publish","type":"page","link":"https:\/\/www.krabbelstube-krachmacherstrasse.de\/?page_id=188","title":{"rendered":"2.1.3 Zeit"},"content":{"rendered":"<p>Zeit &#8211; und damit nat\u00fcrlich auch Geduld &#8211; ist f\u00fcr uns die Basis der Arbeit und des Zusammenseins in der Krabbelstube. Wir versuchen, den Kindern in jeder Situation und in jedem Entwicklungsschritt die Zeit zu lassen, die sie brauchen. Stress und Hektik verursachen Druck, die eine individuelle und optimale Entwicklung in Geborgenheit behindern k\u00f6nnen. Nat\u00fcrlich erleben wir jeden Tag, dass f\u00fcr irgendetwas die Zeit fehlt, doch unser Prinzip lautet, dass dies kein Grund ist, Stress an die Kinder weiterzugeben.<\/p>\n<p>Wenn Kinder gen\u00fcgend Zeit f\u00fcr sich und ihre jeweilige Besch\u00e4ftigung erhalten, ohne einen Druck von \u201eau\u00dfen\u201c zu erhalten, werden sie auch geduldig mit eigenem \u201eStress\u201c umgehen lernen. Das sich hieraus entwickelnde Vertrauen in sich Selbst kann den Kindern helfen, leichter mit Belastungen, Misserfolgen und Frustrationen umzugehen (Resilienz).<\/p>\n","protected":false},"excerpt":{"rendered":"<p>Zeit &#8211; und damit nat\u00fcrlich auch Geduld &#8211; ist f\u00fcr uns die Basis der Arbeit und des Zusammenseins in der Krabbelstube. Wir versuchen, den Kindern in jeder Situation und in jedem Entwicklungsschritt die Zeit zu lassen, die sie brauchen. Stress&hellip;<\/p>\n<p class=\"more-link-p\"><a class=\"more-link\" href=\"https:\/\/www.krabbelstube-krachmacherstrasse.de\/?page_id=188\">Read more &rarr;<\/a><\/p>\n","protected":false},"author":1,"featured_media":0,"parent":182,"menu_order":3,"comment_status":"closed","ping_status":"closed","template":"","meta":[],"_links":{"self":[{"href":"https:\/\/www.krabbelstube-krachmacherstrasse.de\/index.php?rest_route=\/wp\/v2\/pages\/188"}],"collection":[{"href":"https:\/\/www.krabbelstube-krachmacherstrasse.de\/index.php?rest_route=\/wp\/v2\/pages"}],"about":[{"href":"https:\/\/www.krabbelstube-krachmacherstrasse.de\/index.php?rest_route=\/wp\/v2\/types\/page"}],"author":[{"embeddable":true,"href":"https:\/\/www.krabbelstube-krachmacherstrasse.de\/index.php?rest_route=\/wp\/v2\/users\/1"}],"replies":[{"embeddable":true,"href":"https:\/\/www.krabbelstube-krachmacherstrasse.de\/index.php?rest_route=%2Fwp%2Fv2%2Fcomments&post=188"}],"version-history":[{"count":1,"href":"https:\/\/www.krabbelstube-krachmacherstrasse.de\/index.php?rest_route=\/wp\/v2\/pages\/188\/revisions"}],"predecessor-version":[{"id":189,"href":"https:\/\/www.krabbelstube-krachmacherstrasse.de\/index.php?rest_route=\/wp\/v2\/pages\/188\/revisions\/189"}],"up":[{"embeddable":true,"href":"https:\/\/www.krabbelstube-krachmacherstrasse.de\/index.php?rest_route=\/wp\/v2\/pages\/182"}],"wp:attachment":[{"href":"https:\/\/www.krabbelstube-krachmacherstrasse.de\/index.php?rest_route=%2Fwp%2Fv2%2Fmedia&parent=188"}],"curies":[{"name":"wp","href":"https:\/\/api.w.org\/{rel}","templated":true}]}}