{"id":192,"date":"2013-02-21T13:11:00","date_gmt":"2013-02-21T11:11:00","guid":{"rendered":"http:\/\/www.krabbelstube-krachmacherstrasse.de\/?page_id=192"},"modified":"2013-02-21T13:11:00","modified_gmt":"2013-02-21T11:11:00","slug":"2-2-1-eingewohnung","status":"publish","type":"page","link":"https:\/\/www.krabbelstube-krachmacherstrasse.de\/?page_id=192","title":{"rendered":"2.2.1 Eingew\u00f6hnung"},"content":{"rendered":"<p>Die Eingew\u00f6hnungszeit hat bei uns einen besonderen Stellenwert. Es ist wichtig, dass f\u00fcr die Eingew\u00f6hnung gen\u00fcgend Zeit und Geduld aufgebracht werden k\u00f6nnen. Gemeinsam mit den Eltern bem\u00fchen wir uns, das Kind an uns, die anderen Kinder und die fremde Umgebung zu gew\u00f6hnen. Der Austausch mit den Eltern und auch der Beziehungsaufbau zwischen Eltern und Erzieherinnen ist f\u00fcr uns hier ebenfalls sehr bedeutend, denn nur wenn die Eltern ein gutes Gef\u00fchl haben, ihr Kind in der Krabbelstube zu lassen, kann sich das Kind dort auch geborgen f\u00fchlen. F\u00fcr viele Eltern bedeutet es einen gro\u00dfen Schritt, ihr Kind in fremden H\u00e4nden zu lassen. Aus diesem Grund sehen wir unsere Eingew\u00f6hnungszeit f\u00fcr Eltern wie f\u00fcr Kinder gleichwertig. Sowohl Kind als auch Elternteil sollen die M\u00f6glichkeit haben, sich bei uns gemeinsam einzuleben, die p\u00e4d. Mitarbeiter, die anderen Kinder und die R\u00e4ume\u00a0 kennen zu lernen und sich dort wohl zu f\u00fchlen.<\/p>\n<p>Bei der Eingew\u00f6hnung orientieren wir uns am Berliner Eingew\u00f6hnungsmodell, das anf\u00e4nglich eine Begleitung einer Bezugsperson vorsieht.\u00a0 Die genauen Abl\u00e4ufe werden im Voraus und auch w\u00e4hrend der Eingew\u00f6hnung mit den Eltern besprochen und in einem abschlie\u00dfenden Eingew\u00f6hnungsgespr\u00e4ch miteinander reflektiert.<\/p>\n<p>Jede Eingew\u00f6hnung verl\u00e4uft anders. Aus diesem Grund ist es wichtig, dass sich ein Elternteil genug Zeit f\u00fcr diese nimmt. Nach zwei bis drei Wochen f\u00fchlen sich die meisten Kinder und Eltern bei uns geborgen. Manchmal dauert es aber l\u00e4nger: Voraussetzung f\u00fcr die Betreuung und die gesunde Entwicklung unserer Kinder ist die Sicherheit und Geborgenheit durch eine stabile Beziehung zu mindestens einer der Betreuerinnen.<\/p>\n","protected":false},"excerpt":{"rendered":"<p>Die Eingew\u00f6hnungszeit hat bei uns einen besonderen Stellenwert. Es ist wichtig, dass f\u00fcr die Eingew\u00f6hnung gen\u00fcgend Zeit und Geduld aufgebracht werden k\u00f6nnen. Gemeinsam mit den Eltern bem\u00fchen wir uns, das Kind an uns, die anderen Kinder und die fremde Umgebung&hellip;<\/p>\n<p class=\"more-link-p\"><a class=\"more-link\" href=\"https:\/\/www.krabbelstube-krachmacherstrasse.de\/?page_id=192\">Read more &rarr;<\/a><\/p>\n","protected":false},"author":1,"featured_media":0,"parent":190,"menu_order":1,"comment_status":"closed","ping_status":"closed","template":"","meta":[],"_links":{"self":[{"href":"https:\/\/www.krabbelstube-krachmacherstrasse.de\/index.php?rest_route=\/wp\/v2\/pages\/192"}],"collection":[{"href":"https:\/\/www.krabbelstube-krachmacherstrasse.de\/index.php?rest_route=\/wp\/v2\/pages"}],"about":[{"href":"https:\/\/www.krabbelstube-krachmacherstrasse.de\/index.php?rest_route=\/wp\/v2\/types\/page"}],"author":[{"embeddable":true,"href":"https:\/\/www.krabbelstube-krachmacherstrasse.de\/index.php?rest_route=\/wp\/v2\/users\/1"}],"replies":[{"embeddable":true,"href":"https:\/\/www.krabbelstube-krachmacherstrasse.de\/index.php?rest_route=%2Fwp%2Fv2%2Fcomments&post=192"}],"version-history":[{"count":1,"href":"https:\/\/www.krabbelstube-krachmacherstrasse.de\/index.php?rest_route=\/wp\/v2\/pages\/192\/revisions"}],"predecessor-version":[{"id":193,"href":"https:\/\/www.krabbelstube-krachmacherstrasse.de\/index.php?rest_route=\/wp\/v2\/pages\/192\/revisions\/193"}],"up":[{"embeddable":true,"href":"https:\/\/www.krabbelstube-krachmacherstrasse.de\/index.php?rest_route=\/wp\/v2\/pages\/190"}],"wp:attachment":[{"href":"https:\/\/www.krabbelstube-krachmacherstrasse.de\/index.php?rest_route=%2Fwp%2Fv2%2Fmedia&parent=192"}],"curies":[{"name":"wp","href":"https:\/\/api.w.org\/{rel}","templated":true}]}}