{"id":194,"date":"2013-02-21T13:12:20","date_gmt":"2013-02-21T11:12:20","guid":{"rendered":"http:\/\/www.krabbelstube-krachmacherstrasse.de\/?page_id=194"},"modified":"2013-02-21T13:12:34","modified_gmt":"2013-02-21T11:12:34","slug":"2-2-2-geborgenheit-und-sicherheit-im-tagesablauf","status":"publish","type":"page","link":"https:\/\/www.krabbelstube-krachmacherstrasse.de\/?page_id=194","title":{"rendered":"2.2.2 Geborgenheit und Sicherheit im Tagesablauf"},"content":{"rendered":"<p>Schon beim Ankommen in der Krabbelstube ist es wichtig, dass sich die Kinder willkommen und aufgenommen f\u00fchlen. Die Erzieherinnen begr\u00fc\u00dfen Kinder und Eltern und unterst\u00fctzen die Kinder dabei, sich in das Gruppengeschehen einzufinden, in bestehende Spiele zu integrieren und den Abschied zu den Eltern bei Bedarf zu erleichtern. Wir sind bem\u00fcht, einen kontinuierlichen Tagesablauf zu gew\u00e4hrleisten, der sowohl Zeit f\u00fcrs Spielen und Toben, aber auch f\u00fcr Ruhepausen l\u00e4sst. Durch einen Morgenkreis, das gemeinsame Fr\u00fchst\u00fcck und Mittagessen (bzw. Vesper am Nachmittag) und den Mittagsschlaf erhalten die Kinder feste, wiederkehrende St\u00fctzpunkte, die ihnen Sicherheit und Geborgenheit vermitteln. Diese t\u00e4glichen Rituale geben den Kindern Orientierung und erm\u00f6glichen ein Gef\u00fchl f\u00fcr die Zeit. Auch die Rituale, die Kinder oder Eltern entwickeln (Abschiedsrituale etc.), greifen wir auf und respektieren wir, indem wir Raum hierf\u00fcr geben. Die freie Zeit erm\u00f6glicht den Kindern, selbstbestimmt aktiv zu werden und sich auszuprobieren. Aber auch Aktivit\u00e4ten und Angebote finden in den Zeiten zwischen den strukturierenden St\u00fctzpunkten statt. Diese werden immer auf die W\u00fcnsche und Bed\u00fcrfnisse der Kinder abgestimmt und nach M\u00f6glichkeit gemeinsam mit ihnen vorbreitet.<\/p>\n<p>Durch klare und sinnvolle Regeln wird f\u00fcr die Kinder ein Umfeld geschaffen, in dem sie sich sicher bewegen und entwickeln k\u00f6nnen und in dem ein soziales Miteinander erm\u00f6glicht wird.<\/p>\n<p>Obwohl unser Tagesablauf den Kindern die notwendige Sicherheit gibt, ist es besonders in den ersten Monaten wichtig, auf die kindlichen Bed\u00fcrfnisse einzugehen. F\u00fcr uns bedeutet dies, dass wir uns an den Essens- und Schlafbed\u00fcrfnissen der Kinder orientieren und diese stets Vorrang im Tagesablauf haben.<\/p>\n","protected":false},"excerpt":{"rendered":"<p>Schon beim Ankommen in der Krabbelstube ist es wichtig, dass sich die Kinder willkommen und aufgenommen f\u00fchlen. Die Erzieherinnen begr\u00fc\u00dfen Kinder und Eltern und unterst\u00fctzen die Kinder dabei, sich in das Gruppengeschehen einzufinden, in bestehende Spiele zu integrieren und den&hellip;<\/p>\n<p class=\"more-link-p\"><a class=\"more-link\" href=\"https:\/\/www.krabbelstube-krachmacherstrasse.de\/?page_id=194\">Read more &rarr;<\/a><\/p>\n","protected":false},"author":1,"featured_media":0,"parent":190,"menu_order":2,"comment_status":"closed","ping_status":"closed","template":"","meta":[],"_links":{"self":[{"href":"https:\/\/www.krabbelstube-krachmacherstrasse.de\/index.php?rest_route=\/wp\/v2\/pages\/194"}],"collection":[{"href":"https:\/\/www.krabbelstube-krachmacherstrasse.de\/index.php?rest_route=\/wp\/v2\/pages"}],"about":[{"href":"https:\/\/www.krabbelstube-krachmacherstrasse.de\/index.php?rest_route=\/wp\/v2\/types\/page"}],"author":[{"embeddable":true,"href":"https:\/\/www.krabbelstube-krachmacherstrasse.de\/index.php?rest_route=\/wp\/v2\/users\/1"}],"replies":[{"embeddable":true,"href":"https:\/\/www.krabbelstube-krachmacherstrasse.de\/index.php?rest_route=%2Fwp%2Fv2%2Fcomments&post=194"}],"version-history":[{"count":2,"href":"https:\/\/www.krabbelstube-krachmacherstrasse.de\/index.php?rest_route=\/wp\/v2\/pages\/194\/revisions"}],"predecessor-version":[{"id":196,"href":"https:\/\/www.krabbelstube-krachmacherstrasse.de\/index.php?rest_route=\/wp\/v2\/pages\/194\/revisions\/196"}],"up":[{"embeddable":true,"href":"https:\/\/www.krabbelstube-krachmacherstrasse.de\/index.php?rest_route=\/wp\/v2\/pages\/190"}],"wp:attachment":[{"href":"https:\/\/www.krabbelstube-krachmacherstrasse.de\/index.php?rest_route=%2Fwp%2Fv2%2Fmedia&parent=194"}],"curies":[{"name":"wp","href":"https:\/\/api.w.org\/{rel}","templated":true}]}}