{"id":197,"date":"2013-02-21T13:13:16","date_gmt":"2013-02-21T11:13:16","guid":{"rendered":"http:\/\/www.krabbelstube-krachmacherstrasse.de\/?page_id=197"},"modified":"2013-02-21T13:13:16","modified_gmt":"2013-02-21T11:13:16","slug":"2-2-3-soziale-kontakte","status":"publish","type":"page","link":"https:\/\/www.krabbelstube-krachmacherstrasse.de\/?page_id=197","title":{"rendered":"2.2.3 Soziale Kontakte"},"content":{"rendered":"<p>Die Kontakte zwischen den Kindern werden erm\u00f6glicht, jedoch wird kein Kind gezwungen, mit einem anderen zu spielen. Durch den Austausch und die Interaktion mit anderen lernen die Kinder soziale Werte und Normen sowie Verhaltensweisen. Die p\u00e4dagogischen Fachkr\u00e4fte sind stets das Vorbild, an dem die Kinder sich orientieren und lernen k\u00f6nnen. Uns ist es wichtig, dass Kinder diese Erfahrungen machen und sich ausprobieren k\u00f6nnen. Auch im Streitfall wollen wir den Kindern die M\u00f6glichkeit geben, selbst eine L\u00f6sung zu finden, die den Beteiligten und der Situation gerecht wird. Die Erzieherinnen geben die L\u00f6sungsvorschl\u00e4ge nie als Handlungsweisung vor. Sie bieten Handlungsm\u00f6glichkeiten und sind f\u00fcr die der Kinder offen. Die Erzieherinnen greifen erst dann in die Situation ein, wenn sie sehen, dass die Kinder keinen f\u00fcr alle Beteiligten ad\u00e4quaten Umgang mit der Situation finden.<\/p>\n<p>Die p\u00e4dagogischen Mitarbeiter nehmen eine Vorbildrolle f\u00fcr den Umgang mit Menschen ein. Sie begegnen den Kindern, den Eltern und den anderen Teammitgliedern mit Respekt, Wertsch\u00e4tzung und Empathie, Humor und Offenheit.<\/p>\n","protected":false},"excerpt":{"rendered":"<p>Die Kontakte zwischen den Kindern werden erm\u00f6glicht, jedoch wird kein Kind gezwungen, mit einem anderen zu spielen. Durch den Austausch und die Interaktion mit anderen lernen die Kinder soziale Werte und Normen sowie Verhaltensweisen. Die p\u00e4dagogischen Fachkr\u00e4fte sind stets das&hellip;<\/p>\n<p class=\"more-link-p\"><a class=\"more-link\" href=\"https:\/\/www.krabbelstube-krachmacherstrasse.de\/?page_id=197\">Read more &rarr;<\/a><\/p>\n","protected":false},"author":1,"featured_media":0,"parent":190,"menu_order":3,"comment_status":"closed","ping_status":"closed","template":"","meta":[],"_links":{"self":[{"href":"https:\/\/www.krabbelstube-krachmacherstrasse.de\/index.php?rest_route=\/wp\/v2\/pages\/197"}],"collection":[{"href":"https:\/\/www.krabbelstube-krachmacherstrasse.de\/index.php?rest_route=\/wp\/v2\/pages"}],"about":[{"href":"https:\/\/www.krabbelstube-krachmacherstrasse.de\/index.php?rest_route=\/wp\/v2\/types\/page"}],"author":[{"embeddable":true,"href":"https:\/\/www.krabbelstube-krachmacherstrasse.de\/index.php?rest_route=\/wp\/v2\/users\/1"}],"replies":[{"embeddable":true,"href":"https:\/\/www.krabbelstube-krachmacherstrasse.de\/index.php?rest_route=%2Fwp%2Fv2%2Fcomments&post=197"}],"version-history":[{"count":1,"href":"https:\/\/www.krabbelstube-krachmacherstrasse.de\/index.php?rest_route=\/wp\/v2\/pages\/197\/revisions"}],"predecessor-version":[{"id":198,"href":"https:\/\/www.krabbelstube-krachmacherstrasse.de\/index.php?rest_route=\/wp\/v2\/pages\/197\/revisions\/198"}],"up":[{"embeddable":true,"href":"https:\/\/www.krabbelstube-krachmacherstrasse.de\/index.php?rest_route=\/wp\/v2\/pages\/190"}],"wp:attachment":[{"href":"https:\/\/www.krabbelstube-krachmacherstrasse.de\/index.php?rest_route=%2Fwp%2Fv2%2Fmedia&parent=197"}],"curies":[{"name":"wp","href":"https:\/\/api.w.org\/{rel}","templated":true}]}}