{"id":205,"date":"2013-02-21T13:17:15","date_gmt":"2013-02-21T11:17:15","guid":{"rendered":"http:\/\/www.krabbelstube-krachmacherstrasse.de\/?page_id=205"},"modified":"2013-02-21T13:17:15","modified_gmt":"2013-02-21T11:17:15","slug":"2-2-7-asthetische-bildung","status":"publish","type":"page","link":"https:\/\/www.krabbelstube-krachmacherstrasse.de\/?page_id=205","title":{"rendered":"2.2.7 \u00c4sthetische Bildung"},"content":{"rendered":"<p>\u00c4sthetische Bildung bedeutet Lernen mit allen Sinnen. Die Kinder erhalten die M\u00f6glichkeit, individuelle Erfahrungen mit verschiedenen Materialien und Gegenst\u00e4nden zu machen, und diese mit allen Sinnen zu \u201ebegreifen\u201c und zu erfahren.<\/p>\n<p>In unserem Kreativ-Atelier ist Raum f\u00fcr unterschiedliche Materialerfahrungen. Mit Farben, Kleister, Ton, Erde, Sand und vielem mehr k\u00f6nnen die Kinder frei experimentieren und forschen. Hier geht es nicht nur um Kreativit\u00e4t und Malen, sondern auch um K\u00f6rpererfahrungen (Wie f\u00fchlt sich Farbe auf meinem Bauch an, wie schmeckt\/riecht die Farbe? Etc.) sowie um das Erkennen der eigenen Selbstwirksamkeit. Das Hinterlassen von Spuren anf\u00e4nglich und dann das allm\u00e4hliche Begreifen von Handlung und sich daraus ergebender Spur bzw. Zeichnung l\u00e4sst Kinder sich in ihrer Selbstwirksamkeit sp\u00fcren und st\u00e4rkt die Wahrnehmung von Ursache und Wirkung.<\/p>\n<p>\u00c4sthetische Bildung findet aber auch im Sand, in der Badewanne (Jetzt bin ich sauber, aber das ganze Wasser ist ja rot!!??), in Matschpf\u00fctzen, beim Essen usw. statt. Durch dieses Lernen und Erforschen entsprechend ihrem Entwicklungsstand erhalten und st\u00e4rken wir die nat\u00fcrliche Lernfreude des Kindes und geben den kleinen Forschern Raum und die Gelegenheit, zu kleinen Experten zu werden.<\/p>\n","protected":false},"excerpt":{"rendered":"<p>\u00c4sthetische Bildung bedeutet Lernen mit allen Sinnen. Die Kinder erhalten die M\u00f6glichkeit, individuelle Erfahrungen mit verschiedenen Materialien und Gegenst\u00e4nden zu machen, und diese mit allen Sinnen zu \u201ebegreifen\u201c und zu erfahren. In unserem Kreativ-Atelier ist Raum f\u00fcr unterschiedliche Materialerfahrungen. Mit&hellip;<\/p>\n<p class=\"more-link-p\"><a class=\"more-link\" href=\"https:\/\/www.krabbelstube-krachmacherstrasse.de\/?page_id=205\">Read more &rarr;<\/a><\/p>\n","protected":false},"author":1,"featured_media":0,"parent":190,"menu_order":7,"comment_status":"closed","ping_status":"closed","template":"","meta":[],"_links":{"self":[{"href":"https:\/\/www.krabbelstube-krachmacherstrasse.de\/index.php?rest_route=\/wp\/v2\/pages\/205"}],"collection":[{"href":"https:\/\/www.krabbelstube-krachmacherstrasse.de\/index.php?rest_route=\/wp\/v2\/pages"}],"about":[{"href":"https:\/\/www.krabbelstube-krachmacherstrasse.de\/index.php?rest_route=\/wp\/v2\/types\/page"}],"author":[{"embeddable":true,"href":"https:\/\/www.krabbelstube-krachmacherstrasse.de\/index.php?rest_route=\/wp\/v2\/users\/1"}],"replies":[{"embeddable":true,"href":"https:\/\/www.krabbelstube-krachmacherstrasse.de\/index.php?rest_route=%2Fwp%2Fv2%2Fcomments&post=205"}],"version-history":[{"count":1,"href":"https:\/\/www.krabbelstube-krachmacherstrasse.de\/index.php?rest_route=\/wp\/v2\/pages\/205\/revisions"}],"predecessor-version":[{"id":206,"href":"https:\/\/www.krabbelstube-krachmacherstrasse.de\/index.php?rest_route=\/wp\/v2\/pages\/205\/revisions\/206"}],"up":[{"embeddable":true,"href":"https:\/\/www.krabbelstube-krachmacherstrasse.de\/index.php?rest_route=\/wp\/v2\/pages\/190"}],"wp:attachment":[{"href":"https:\/\/www.krabbelstube-krachmacherstrasse.de\/index.php?rest_route=%2Fwp%2Fv2%2Fmedia&parent=205"}],"curies":[{"name":"wp","href":"https:\/\/api.w.org\/{rel}","templated":true}]}}