{"id":207,"date":"2013-02-21T13:19:47","date_gmt":"2013-02-21T11:19:47","guid":{"rendered":"http:\/\/www.krabbelstube-krachmacherstrasse.de\/?page_id=207"},"modified":"2013-02-21T13:19:47","modified_gmt":"2013-02-21T11:19:47","slug":"2-2-8-sprache-und-kommunikation","status":"publish","type":"page","link":"https:\/\/www.krabbelstube-krachmacherstrasse.de\/?page_id=207","title":{"rendered":"2.2.8 Sprache und Kommunikation"},"content":{"rendered":"<h3><a href=\"http:\/\/www.spiritrelease.ch\/html\/interessantes\/watzlawick.html\">\u00a0&#8222;<em>Man kann nicht nicht kommunizieren.<\/em>&#8222;<\/a> Paul Watzlawick<\/h3>\n<h3>In unserer Krabbelstube versuchen wir von Anfang an, die Signale der Kinder zu verstehen und auf sie zu reagieren. In der Interaktion mit dem Kind sprechen wir stets mit ihm und beschreiben mit Worten, was wir tun. Die Kommunikation, das Erz\u00e4hlen und das Gespr\u00e4ch sind f\u00fcr uns wesentliche Bestandteile zur F\u00f6rderung und Entwicklung der Sprache. Kindgerechte Sprache, aber auch das Ergr\u00fcnden von Fachbegriffen mit den Kindern bestimmen den sprachlichen Krabbelstubenalltag.<\/h3>\n<h3>Durch Bilderb\u00fccher, Fingerspiele, Kasperltheater bzw. Handpuppen und Spiele wird Sprache als etwas Kommunikatives, Verbindendes und Lebendiges erlebt. Uns ist es wichtig, das Kind und sein Verhalten zu verstehen. Ebenso streben wir aber auch an, dem Kind stets die Gr\u00fcnde f\u00fcr unser Verhalten und unsere Regeln zu vermitteln. Wir gehen davon aus, dass die Sprachentwicklung nur dann positiv verlaufen kann, wenn auch dem \u201eZuh\u00f6ren\u201c eine wichtige Bedeutung zugestanden wird.<\/h3>\n","protected":false},"excerpt":{"rendered":"<p>\u00a0&#8222;Man kann nicht nicht kommunizieren.&#8222; Paul Watzlawick In unserer Krabbelstube versuchen wir von Anfang an, die Signale der Kinder zu verstehen und auf sie zu reagieren. In der Interaktion mit dem Kind sprechen wir stets mit ihm und beschreiben mit&hellip;<\/p>\n<p class=\"more-link-p\"><a class=\"more-link\" href=\"https:\/\/www.krabbelstube-krachmacherstrasse.de\/?page_id=207\">Read more &rarr;<\/a><\/p>\n","protected":false},"author":1,"featured_media":0,"parent":190,"menu_order":8,"comment_status":"closed","ping_status":"closed","template":"","meta":[],"_links":{"self":[{"href":"https:\/\/www.krabbelstube-krachmacherstrasse.de\/index.php?rest_route=\/wp\/v2\/pages\/207"}],"collection":[{"href":"https:\/\/www.krabbelstube-krachmacherstrasse.de\/index.php?rest_route=\/wp\/v2\/pages"}],"about":[{"href":"https:\/\/www.krabbelstube-krachmacherstrasse.de\/index.php?rest_route=\/wp\/v2\/types\/page"}],"author":[{"embeddable":true,"href":"https:\/\/www.krabbelstube-krachmacherstrasse.de\/index.php?rest_route=\/wp\/v2\/users\/1"}],"replies":[{"embeddable":true,"href":"https:\/\/www.krabbelstube-krachmacherstrasse.de\/index.php?rest_route=%2Fwp%2Fv2%2Fcomments&post=207"}],"version-history":[{"count":1,"href":"https:\/\/www.krabbelstube-krachmacherstrasse.de\/index.php?rest_route=\/wp\/v2\/pages\/207\/revisions"}],"predecessor-version":[{"id":208,"href":"https:\/\/www.krabbelstube-krachmacherstrasse.de\/index.php?rest_route=\/wp\/v2\/pages\/207\/revisions\/208"}],"up":[{"embeddable":true,"href":"https:\/\/www.krabbelstube-krachmacherstrasse.de\/index.php?rest_route=\/wp\/v2\/pages\/190"}],"wp:attachment":[{"href":"https:\/\/www.krabbelstube-krachmacherstrasse.de\/index.php?rest_route=%2Fwp%2Fv2%2Fmedia&parent=207"}],"curies":[{"name":"wp","href":"https:\/\/api.w.org\/{rel}","templated":true}]}}