{"id":211,"date":"2013-02-21T13:20:55","date_gmt":"2013-02-21T11:20:55","guid":{"rendered":"http:\/\/www.krabbelstube-krachmacherstrasse.de\/?page_id=211"},"modified":"2013-02-21T13:20:55","modified_gmt":"2013-02-21T11:20:55","slug":"2-2-10-gesundheit-essen-frische-luft-und-ausfluge","status":"publish","type":"page","link":"https:\/\/www.krabbelstube-krachmacherstrasse.de\/?page_id=211","title":{"rendered":"2.2.10 Gesundheit, Essen, frische Luft und Ausfl\u00fcge"},"content":{"rendered":"<h3>Die gesunde Entwicklung der Kinder liegt uns sehr am Herzen. Hier geh\u00f6ren eine gesunde Ern\u00e4hrung sowie viel frische Luft dazu. Zum Fr\u00fchst\u00fcck und zur Nachmittagsvesper, deren Lebensmittel aus kontrolliert biologischen Anbau stammen, gibt es t\u00e4glich Brot und frische Obst- und Gem\u00fcserohkost. Regelm\u00e4\u00dfig werden auch Joghurt, Reiswaffeln oder Sachen, die wir mit den Kindern zubereitet haben, angeboten. Das Mittagessen wird jeden Tag frisch von einem Koch bzw. einer K\u00f6chin von Guerilla Food direkt in der Krabbelstube aus frischen Zutaten aus kontrolliert biologischen Zutaten zubereitet.<\/h3>\n<h3>Wir versuchen t\u00e4glich an die frische Luft zu gehen, ber\u00fccksichtigen aber auch das Spielbed\u00fcrfnis der Kinder innerhalb der Krabbelstube. Wenn wir folglich nicht t\u00e4glich nach drau\u00dfen gehen, so machen wir dies aber prinzipiell bei fast jedem Wetter. Unsere Ziele sind die nahe gelegenen Parkanlagen, Spielpl\u00e4tze und die Pegnitzwiesen. Weitere Ausflugsziele sind der Flughafen, Museen, Bahnh\u00f6fe etc.. Au\u00dferdem werden die Kinder in die Eink\u00e4ufe der Lebensmittel f\u00fcr das Fr\u00fchst\u00fcck und das Nachmittagsvesper einbezogen.<\/h3>\n","protected":false},"excerpt":{"rendered":"<p>Die gesunde Entwicklung der Kinder liegt uns sehr am Herzen. Hier geh\u00f6ren eine gesunde Ern\u00e4hrung sowie viel frische Luft dazu. Zum Fr\u00fchst\u00fcck und zur Nachmittagsvesper, deren Lebensmittel aus kontrolliert biologischen Anbau stammen, gibt es t\u00e4glich Brot und frische Obst- und&hellip;<\/p>\n<p class=\"more-link-p\"><a class=\"more-link\" href=\"https:\/\/www.krabbelstube-krachmacherstrasse.de\/?page_id=211\">Read more &rarr;<\/a><\/p>\n","protected":false},"author":1,"featured_media":0,"parent":190,"menu_order":10,"comment_status":"closed","ping_status":"closed","template":"","meta":[],"_links":{"self":[{"href":"https:\/\/www.krabbelstube-krachmacherstrasse.de\/index.php?rest_route=\/wp\/v2\/pages\/211"}],"collection":[{"href":"https:\/\/www.krabbelstube-krachmacherstrasse.de\/index.php?rest_route=\/wp\/v2\/pages"}],"about":[{"href":"https:\/\/www.krabbelstube-krachmacherstrasse.de\/index.php?rest_route=\/wp\/v2\/types\/page"}],"author":[{"embeddable":true,"href":"https:\/\/www.krabbelstube-krachmacherstrasse.de\/index.php?rest_route=\/wp\/v2\/users\/1"}],"replies":[{"embeddable":true,"href":"https:\/\/www.krabbelstube-krachmacherstrasse.de\/index.php?rest_route=%2Fwp%2Fv2%2Fcomments&post=211"}],"version-history":[{"count":1,"href":"https:\/\/www.krabbelstube-krachmacherstrasse.de\/index.php?rest_route=\/wp\/v2\/pages\/211\/revisions"}],"predecessor-version":[{"id":212,"href":"https:\/\/www.krabbelstube-krachmacherstrasse.de\/index.php?rest_route=\/wp\/v2\/pages\/211\/revisions\/212"}],"up":[{"embeddable":true,"href":"https:\/\/www.krabbelstube-krachmacherstrasse.de\/index.php?rest_route=\/wp\/v2\/pages\/190"}],"wp:attachment":[{"href":"https:\/\/www.krabbelstube-krachmacherstrasse.de\/index.php?rest_route=%2Fwp%2Fv2%2Fmedia&parent=211"}],"curies":[{"name":"wp","href":"https:\/\/api.w.org\/{rel}","templated":true}]}}