{"id":213,"date":"2013-02-21T13:21:33","date_gmt":"2013-02-21T11:21:33","guid":{"rendered":"http:\/\/www.krabbelstube-krachmacherstrasse.de\/?page_id=213"},"modified":"2013-02-21T13:21:33","modified_gmt":"2013-02-21T11:21:33","slug":"2-2-11-interkulturelle-erziehung","status":"publish","type":"page","link":"https:\/\/www.krabbelstube-krachmacherstrasse.de\/?page_id=213","title":{"rendered":"2.2.11 Interkulturelle Erziehung"},"content":{"rendered":"<p>Wir sind offen f\u00fcr Familien jeglicher Herkunft, Konfession und Kultur und sehen die<br \/>\ninterkulturelle Kompetenz als Bildungsziel. Wir f\u00f6rdern die Akzeptanz gegen\u00fcber<br \/>\nanderen Kulturen und wollen bei den Kindern Neugier wecken, sich verschiedene<br \/>\nLebensformen anzusehen und nicht abzuwerten. Hierf\u00fcr ist es notwendig, eine<br \/>\nAtmosph\u00e4re zu schaffen, die Verst\u00e4ndnis f\u00fcr die eigene Kultur sowie Akzeptanz<br \/>\nund Anerkennung anderer Kulturen und Lebensformen erm\u00f6glicht. Wir wollen<br \/>\nElemente der verschiedenen Kulturen unserer Kinder in unseren<br \/>\nKrabbelstubenalltag einbeziehen, um den Kindern Einblick in die Lebenswelten<br \/>\nder anderen zu geben. Die Lebenswelt in N\u00fcrnberg ist multikulturell und wir<br \/>\nm\u00f6chten den Kindern erm\u00f6glichen, ohne Vorurteile in diese Welt hineinzuwachsen,<br \/>\nindem sie selbst Akzeptanz erfahren, damit auch sie andere akzeptieren k\u00f6nnen<\/p>\n","protected":false},"excerpt":{"rendered":"<p>Wir sind offen f\u00fcr Familien jeglicher Herkunft, Konfession und Kultur und sehen die interkulturelle Kompetenz als Bildungsziel. Wir f\u00f6rdern die Akzeptanz gegen\u00fcber anderen Kulturen und wollen bei den Kindern Neugier wecken, sich verschiedene Lebensformen anzusehen und nicht abzuwerten. Hierf\u00fcr ist&hellip;<\/p>\n<p class=\"more-link-p\"><a class=\"more-link\" href=\"https:\/\/www.krabbelstube-krachmacherstrasse.de\/?page_id=213\">Read more &rarr;<\/a><\/p>\n","protected":false},"author":1,"featured_media":0,"parent":190,"menu_order":11,"comment_status":"closed","ping_status":"closed","template":"","meta":[],"_links":{"self":[{"href":"https:\/\/www.krabbelstube-krachmacherstrasse.de\/index.php?rest_route=\/wp\/v2\/pages\/213"}],"collection":[{"href":"https:\/\/www.krabbelstube-krachmacherstrasse.de\/index.php?rest_route=\/wp\/v2\/pages"}],"about":[{"href":"https:\/\/www.krabbelstube-krachmacherstrasse.de\/index.php?rest_route=\/wp\/v2\/types\/page"}],"author":[{"embeddable":true,"href":"https:\/\/www.krabbelstube-krachmacherstrasse.de\/index.php?rest_route=\/wp\/v2\/users\/1"}],"replies":[{"embeddable":true,"href":"https:\/\/www.krabbelstube-krachmacherstrasse.de\/index.php?rest_route=%2Fwp%2Fv2%2Fcomments&post=213"}],"version-history":[{"count":1,"href":"https:\/\/www.krabbelstube-krachmacherstrasse.de\/index.php?rest_route=\/wp\/v2\/pages\/213\/revisions"}],"predecessor-version":[{"id":214,"href":"https:\/\/www.krabbelstube-krachmacherstrasse.de\/index.php?rest_route=\/wp\/v2\/pages\/213\/revisions\/214"}],"up":[{"embeddable":true,"href":"https:\/\/www.krabbelstube-krachmacherstrasse.de\/index.php?rest_route=\/wp\/v2\/pages\/190"}],"wp:attachment":[{"href":"https:\/\/www.krabbelstube-krachmacherstrasse.de\/index.php?rest_route=%2Fwp%2Fv2%2Fmedia&parent=213"}],"curies":[{"name":"wp","href":"https:\/\/api.w.org\/{rel}","templated":true}]}}