{"id":22,"date":"2013-01-30T22:22:10","date_gmt":"2013-01-30T20:22:10","guid":{"rendered":"http:\/\/www.krabbelstube-krachmacherstrasse.de\/?page_id=22"},"modified":"2024-11-06T12:04:19","modified_gmt":"2024-11-06T10:04:19","slug":"kontakt","status":"publish","type":"page","link":"https:\/\/www.krabbelstube-krachmacherstrasse.de\/?page_id=22","title":{"rendered":"Kontakt"},"content":{"rendered":"<p><a href=\"https:\/\/www.krabbelstube-krachmacherstrasse.de\/wp-content\/uploads\/2013\/01\/IMG_1969.jpg\"><img decoding=\"async\" loading=\"lazy\" class=\"alignnone size-large wp-image-41\" src=\"https:\/\/www.krabbelstube-krachmacherstrasse.de\/wp-content\/uploads\/2013\/01\/IMG_1969-1024x768.jpg\" alt=\"\" width=\"660\" height=\"495\" srcset=\"https:\/\/www.krabbelstube-krachmacherstrasse.de\/wp-content\/uploads\/2013\/01\/IMG_1969-1024x768.jpg 1024w, https:\/\/www.krabbelstube-krachmacherstrasse.de\/wp-content\/uploads\/2013\/01\/IMG_1969-300x225.jpg 300w, https:\/\/www.krabbelstube-krachmacherstrasse.de\/wp-content\/uploads\/2013\/01\/IMG_1969-700x525.jpg 700w, https:\/\/www.krabbelstube-krachmacherstrasse.de\/wp-content\/uploads\/2013\/01\/IMG_1969-332x249.jpg 332w\" sizes=\"(max-width: 660px) 100vw, 660px\" \/><\/a><\/p>\n<p>Krabbelstube Krachmacherstra\u00dfe e.V.<\/p>\n<p>F\u00fcrther Stra\u00dfe 22<\/p>\n<p>90429 N\u00fcrnberg<\/p>\n<p>0911- 274 68 26<\/p>\n<p><a href=\"mailto:info@krabbelstube-krachmacherstrasse.de\">info(at)krabbelstube-krachmacherstrasse.de <\/a><\/p>\n","protected":false},"excerpt":{"rendered":"<p>Krabbelstube Krachmacherstra\u00dfe e.V. F\u00fcrther Stra\u00dfe 22 90429 N\u00fcrnberg 0911- 274 68 26 info(at)krabbelstube-krachmacherstrasse.de<\/p>\n","protected":false},"author":2,"featured_media":0,"parent":0,"menu_order":0,"comment_status":"closed","ping_status":"closed","template":"","meta":[],"_links":{"self":[{"href":"https:\/\/www.krabbelstube-krachmacherstrasse.de\/index.php?rest_route=\/wp\/v2\/pages\/22"}],"collection":[{"href":"https:\/\/www.krabbelstube-krachmacherstrasse.de\/index.php?rest_route=\/wp\/v2\/pages"}],"about":[{"href":"https:\/\/www.krabbelstube-krachmacherstrasse.de\/index.php?rest_route=\/wp\/v2\/types\/page"}],"author":[{"embeddable":true,"href":"https:\/\/www.krabbelstube-krachmacherstrasse.de\/index.php?rest_route=\/wp\/v2\/users\/2"}],"replies":[{"embeddable":true,"href":"https:\/\/www.krabbelstube-krachmacherstrasse.de\/index.php?rest_route=%2Fwp%2Fv2%2Fcomments&post=22"}],"version-history":[{"count":9,"href":"https:\/\/www.krabbelstube-krachmacherstrasse.de\/index.php?rest_route=\/wp\/v2\/pages\/22\/revisions"}],"predecessor-version":[{"id":685,"href":"https:\/\/www.krabbelstube-krachmacherstrasse.de\/index.php?rest_route=\/wp\/v2\/pages\/22\/revisions\/685"}],"wp:attachment":[{"href":"https:\/\/www.krabbelstube-krachmacherstrasse.de\/index.php?rest_route=%2Fwp%2Fv2%2Fmedia&parent=22"}],"curies":[{"name":"wp","href":"https:\/\/api.w.org\/{rel}","templated":true}]}}