{"id":23,"date":"2013-01-30T22:22:24","date_gmt":"2013-01-30T20:22:24","guid":{"rendered":"http:\/\/www.krabbelstube-krachmacherstrasse.de\/?page_id=23"},"modified":"2023-04-29T15:34:59","modified_gmt":"2023-04-29T13:34:59","slug":"krabbelstube","status":"publish","type":"page","link":"https:\/\/www.krabbelstube-krachmacherstrasse.de\/?page_id=23","title":{"rendered":"\u00dcber uns"},"content":{"rendered":"<p><a href=\"https:\/\/www.krabbelstube-krachmacherstrasse.de\/wp-content\/uploads\/2013\/01\/340207_252982871500664_422543926_o.jpg\"><img decoding=\"async\" loading=\"lazy\" class=\"alignnone size-large wp-image-39\" src=\"https:\/\/www.krabbelstube-krachmacherstrasse.de\/wp-content\/uploads\/2013\/01\/340207_252982871500664_422543926_o-1024x768.jpg\" alt=\"340207_252982871500664_422543926_o\" width=\"680\" height=\"510\" srcset=\"https:\/\/www.krabbelstube-krachmacherstrasse.de\/wp-content\/uploads\/2013\/01\/340207_252982871500664_422543926_o-1024x768.jpg 1024w, https:\/\/www.krabbelstube-krachmacherstrasse.de\/wp-content\/uploads\/2013\/01\/340207_252982871500664_422543926_o-300x225.jpg 300w, https:\/\/www.krabbelstube-krachmacherstrasse.de\/wp-content\/uploads\/2013\/01\/340207_252982871500664_422543926_o-700x525.jpg 700w, https:\/\/www.krabbelstube-krachmacherstrasse.de\/wp-content\/uploads\/2013\/01\/340207_252982871500664_422543926_o-332x249.jpg 332w, https:\/\/www.krabbelstube-krachmacherstrasse.de\/wp-content\/uploads\/2013\/01\/340207_252982871500664_422543926_o.jpg 2048w\" sizes=\"(max-width: 680px) 100vw, 680px\" \/><\/a><\/p>\n<p>Die Krachmacherstra\u00dfe e.V. ist eine Krabbelstube, die 12 Kindern im Alter von\u00a0ca. 10\u00a0Monaten bis 3 Jahren viel Platz zum Spielen und individuellen Entfaltung bietet.<\/p>\n<p>Montag bis Freitag betreuen zwischen 7.30 und 16.30 (Freitag 16.00) drei Erzieherinnen, eine p\u00e4dagogische Fachkraft und eine Jahrespraktikantin unsere 12 Krachmacher in Kleingruppen.<\/p>\n<p>F\u00fcr uns ist die Sicherheit der Kinder\u00a0durch Beziehung, Bindung und Vertrauen zu den Erzieherinnen nicht nur ein p\u00e4dagogisches Ziel, sondern die Basis und Voraussetzung der Betreuung in der Kinderkrippe.<\/p>\n<p>Die Beachtung der individuellen Bed\u00fcrfnisse, Anliegen und F\u00e4higkeiten der Kinder bestimmen unser t\u00e4gliches Handeln und die p\u00e4dagogische Planung. Eltern erhalten in mindestens zwei Entwicklungsgespr\u00e4chen j\u00e4hrlich und durch den intensiven Austausch in Bring- und Abholsituationen Einblick in den Krabbelstubenalltag ihres Kindes. Durch die Mitwirkung im Verein &#8222;Krachmacherstra\u00dfe e.V.&#8220; werden sie Teil der Krabbelstube, k\u00f6nnen aktiv werden, sich einbringen und erhalten die M\u00f6glichkeit zur sozialen Vernetzung mit den anderen Familien.<\/p>\n","protected":false},"excerpt":{"rendered":"<p>Die Krachmacherstra\u00dfe e.V. ist eine Krabbelstube, die 12 Kindern im Alter von\u00a0ca. 10\u00a0Monaten bis 3 Jahren viel Platz zum Spielen und individuellen Entfaltung bietet. Montag bis Freitag betreuen zwischen 7.30 und 16.30 (Freitag 16.00) drei Erzieherinnen, eine p\u00e4dagogische Fachkraft und&hellip;<\/p>\n<p class=\"more-link-p\"><a class=\"more-link\" href=\"https:\/\/www.krabbelstube-krachmacherstrasse.de\/?page_id=23\">Read more &rarr;<\/a><\/p>\n","protected":false},"author":2,"featured_media":0,"parent":0,"menu_order":0,"comment_status":"closed","ping_status":"closed","template":"","meta":[],"_links":{"self":[{"href":"https:\/\/www.krabbelstube-krachmacherstrasse.de\/index.php?rest_route=\/wp\/v2\/pages\/23"}],"collection":[{"href":"https:\/\/www.krabbelstube-krachmacherstrasse.de\/index.php?rest_route=\/wp\/v2\/pages"}],"about":[{"href":"https:\/\/www.krabbelstube-krachmacherstrasse.de\/index.php?rest_route=\/wp\/v2\/types\/page"}],"author":[{"embeddable":true,"href":"https:\/\/www.krabbelstube-krachmacherstrasse.de\/index.php?rest_route=\/wp\/v2\/users\/2"}],"replies":[{"embeddable":true,"href":"https:\/\/www.krabbelstube-krachmacherstrasse.de\/index.php?rest_route=%2Fwp%2Fv2%2Fcomments&post=23"}],"version-history":[{"count":8,"href":"https:\/\/www.krabbelstube-krachmacherstrasse.de\/index.php?rest_route=\/wp\/v2\/pages\/23\/revisions"}],"predecessor-version":[{"id":560,"href":"https:\/\/www.krabbelstube-krachmacherstrasse.de\/index.php?rest_route=\/wp\/v2\/pages\/23\/revisions\/560"}],"wp:attachment":[{"href":"https:\/\/www.krabbelstube-krachmacherstrasse.de\/index.php?rest_route=%2Fwp%2Fv2%2Fmedia&parent=23"}],"curies":[{"name":"wp","href":"https:\/\/api.w.org\/{rel}","templated":true}]}}