{"id":232,"date":"2013-02-21T13:26:43","date_gmt":"2013-02-21T11:26:43","guid":{"rendered":"http:\/\/www.krabbelstube-krachmacherstrasse.de\/?page_id=232"},"modified":"2013-02-21T13:26:43","modified_gmt":"2013-02-21T11:26:43","slug":"3-1-mitwirken-und-mitgestalten-der-betreuung-auserhalb-der-familie","status":"publish","type":"page","link":"https:\/\/www.krabbelstube-krachmacherstrasse.de\/?page_id=232","title":{"rendered":"3.1 Mitwirken und Mitgestalten der Betreuung au\u00dferhalb der Familie"},"content":{"rendered":"<p>Durch die Organisation im Verein erhalten die Eltern die M\u00f6glichkeit, hier einen gr\u00f6\u00dferen Einblick in den Alltag ihres Kindes zu gewinnen, als andere Regeleinrichtungen dies erm\u00f6glichen. Au\u00dferdem engagieren sich die Eltern durch die zus\u00e4tzlichen Aufgaben f\u00fcr die Betreuung ihres Kindes und somit nat\u00fcrlich auch f\u00fcr ihr Kind.<\/p>\n<p>Durch die Organisationsform der Krabbelstube sind auch die Eltern fester Bestandteil der Krachmacherstra\u00dfe und geh\u00f6ren voll und ganz dazu. Dies erm\u00f6glicht bestimmte Mitgestaltungsm\u00f6glichkeiten bez\u00fcglich der Rahmenbedingungen der Krabbelstube.<\/p>\n","protected":false},"excerpt":{"rendered":"<p>Durch die Organisation im Verein erhalten die Eltern die M\u00f6glichkeit, hier einen gr\u00f6\u00dferen Einblick in den Alltag ihres Kindes zu gewinnen, als andere Regeleinrichtungen dies erm\u00f6glichen. Au\u00dferdem engagieren sich die Eltern durch die zus\u00e4tzlichen Aufgaben f\u00fcr die Betreuung ihres Kindes&hellip;<\/p>\n<p class=\"more-link-p\"><a class=\"more-link\" href=\"https:\/\/www.krabbelstube-krachmacherstrasse.de\/?page_id=232\">Read more &rarr;<\/a><\/p>\n","protected":false},"author":1,"featured_media":0,"parent":153,"menu_order":1,"comment_status":"closed","ping_status":"closed","template":"","meta":[],"_links":{"self":[{"href":"https:\/\/www.krabbelstube-krachmacherstrasse.de\/index.php?rest_route=\/wp\/v2\/pages\/232"}],"collection":[{"href":"https:\/\/www.krabbelstube-krachmacherstrasse.de\/index.php?rest_route=\/wp\/v2\/pages"}],"about":[{"href":"https:\/\/www.krabbelstube-krachmacherstrasse.de\/index.php?rest_route=\/wp\/v2\/types\/page"}],"author":[{"embeddable":true,"href":"https:\/\/www.krabbelstube-krachmacherstrasse.de\/index.php?rest_route=\/wp\/v2\/users\/1"}],"replies":[{"embeddable":true,"href":"https:\/\/www.krabbelstube-krachmacherstrasse.de\/index.php?rest_route=%2Fwp%2Fv2%2Fcomments&post=232"}],"version-history":[{"count":1,"href":"https:\/\/www.krabbelstube-krachmacherstrasse.de\/index.php?rest_route=\/wp\/v2\/pages\/232\/revisions"}],"predecessor-version":[{"id":233,"href":"https:\/\/www.krabbelstube-krachmacherstrasse.de\/index.php?rest_route=\/wp\/v2\/pages\/232\/revisions\/233"}],"up":[{"embeddable":true,"href":"https:\/\/www.krabbelstube-krachmacherstrasse.de\/index.php?rest_route=\/wp\/v2\/pages\/153"}],"wp:attachment":[{"href":"https:\/\/www.krabbelstube-krachmacherstrasse.de\/index.php?rest_route=%2Fwp%2Fv2%2Fmedia&parent=232"}],"curies":[{"name":"wp","href":"https:\/\/api.w.org\/{rel}","templated":true}]}}