{"id":238,"date":"2013-02-21T13:28:29","date_gmt":"2013-02-21T11:28:29","guid":{"rendered":"http:\/\/www.krabbelstube-krachmacherstrasse.de\/?page_id=238"},"modified":"2013-02-21T13:29:59","modified_gmt":"2013-02-21T11:29:59","slug":"3-4-tur-und-angel-gesprache","status":"publish","type":"page","link":"https:\/\/www.krabbelstube-krachmacherstrasse.de\/?page_id=238","title":{"rendered":"3.3.1 T\u00fcr- und Angel-Gespr\u00e4che"},"content":{"rendered":"<p>Sowohl \u201ezwischen T\u00fcr und Angel\u201c als auch im Spielzimmer am Nachmittag werden wichtige Informationen ausgetauscht. Doch nicht nur notwendige Informationen \u00fcber Schlaf, Essen und Gesundheit sind f\u00fcr uns von Bedeutung. Uns geht es auch darum, den Eltern einen Einblick in den vergangenen Tag des Kindes innerhalb der Krabbelstube zu erm\u00f6glichen. Je nach Zeitm\u00f6glichkeit erz\u00e4hlen die p\u00e4d. Mitarbeiter (evtl. gemeinsam mit dem Kind) von Erlebnissen und Ereignissen, die f\u00fcr das Kind am Tag wichtig waren.<\/p>\n","protected":false},"excerpt":{"rendered":"<p>Sowohl \u201ezwischen T\u00fcr und Angel\u201c als auch im Spielzimmer am Nachmittag werden wichtige Informationen ausgetauscht. Doch nicht nur notwendige Informationen \u00fcber Schlaf, Essen und Gesundheit sind f\u00fcr uns von Bedeutung. Uns geht es auch darum, den Eltern einen Einblick in&hellip;<\/p>\n<p class=\"more-link-p\"><a class=\"more-link\" href=\"https:\/\/www.krabbelstube-krachmacherstrasse.de\/?page_id=238\">Read more &rarr;<\/a><\/p>\n","protected":false},"author":1,"featured_media":0,"parent":236,"menu_order":1,"comment_status":"closed","ping_status":"closed","template":"","meta":[],"_links":{"self":[{"href":"https:\/\/www.krabbelstube-krachmacherstrasse.de\/index.php?rest_route=\/wp\/v2\/pages\/238"}],"collection":[{"href":"https:\/\/www.krabbelstube-krachmacherstrasse.de\/index.php?rest_route=\/wp\/v2\/pages"}],"about":[{"href":"https:\/\/www.krabbelstube-krachmacherstrasse.de\/index.php?rest_route=\/wp\/v2\/types\/page"}],"author":[{"embeddable":true,"href":"https:\/\/www.krabbelstube-krachmacherstrasse.de\/index.php?rest_route=\/wp\/v2\/users\/1"}],"replies":[{"embeddable":true,"href":"https:\/\/www.krabbelstube-krachmacherstrasse.de\/index.php?rest_route=%2Fwp%2Fv2%2Fcomments&post=238"}],"version-history":[{"count":2,"href":"https:\/\/www.krabbelstube-krachmacherstrasse.de\/index.php?rest_route=\/wp\/v2\/pages\/238\/revisions"}],"predecessor-version":[{"id":242,"href":"https:\/\/www.krabbelstube-krachmacherstrasse.de\/index.php?rest_route=\/wp\/v2\/pages\/238\/revisions\/242"}],"up":[{"embeddable":true,"href":"https:\/\/www.krabbelstube-krachmacherstrasse.de\/index.php?rest_route=\/wp\/v2\/pages\/236"}],"wp:attachment":[{"href":"https:\/\/www.krabbelstube-krachmacherstrasse.de\/index.php?rest_route=%2Fwp%2Fv2%2Fmedia&parent=238"}],"curies":[{"name":"wp","href":"https:\/\/api.w.org\/{rel}","templated":true}]}}