{"id":24,"date":"2013-01-30T22:22:34","date_gmt":"2013-01-30T20:22:34","guid":{"rendered":"http:\/\/www.krabbelstube-krachmacherstrasse.de\/?page_id=24"},"modified":"2025-06-30T20:13:47","modified_gmt":"2025-06-30T18:13:47","slug":"team","status":"publish","type":"page","link":"https:\/\/www.krabbelstube-krachmacherstrasse.de\/?page_id=24","title":{"rendered":"Team"},"content":{"rendered":"\n<figure class=\"wp-block-image size-large\"><img decoding=\"async\" loading=\"lazy\" width=\"1024\" height=\"707\" src=\"https:\/\/www.krabbelstube-krachmacherstrasse.de\/wp-content\/uploads\/2023\/04\/Foto-08.10.22-09-40-30-scaled-e1682776849558-1024x707.jpg\" alt=\"\" class=\"wp-image-576\" srcset=\"https:\/\/www.krabbelstube-krachmacherstrasse.de\/wp-content\/uploads\/2023\/04\/Foto-08.10.22-09-40-30-scaled-e1682776849558-1024x707.jpg 1024w, https:\/\/www.krabbelstube-krachmacherstrasse.de\/wp-content\/uploads\/2023\/04\/Foto-08.10.22-09-40-30-scaled-e1682776849558-300x207.jpg 300w, https:\/\/www.krabbelstube-krachmacherstrasse.de\/wp-content\/uploads\/2023\/04\/Foto-08.10.22-09-40-30-scaled-e1682776849558-768x530.jpg 768w, https:\/\/www.krabbelstube-krachmacherstrasse.de\/wp-content\/uploads\/2023\/04\/Foto-08.10.22-09-40-30-scaled-e1682776849558-1536x1061.jpg 1536w, https:\/\/www.krabbelstube-krachmacherstrasse.de\/wp-content\/uploads\/2023\/04\/Foto-08.10.22-09-40-30-scaled-e1682776849558-2048x1414.jpg 2048w\" sizes=\"(max-width: 1024px) 100vw, 1024px\" \/><\/figure>\n\n\n\n<p>Unser multiprofessionelles Team besteht aus drei staatlich anerkannten Erzieherinnen und einer p\u00e4dagogischen Fachkraft.<br>Im Durchschnitt sind w\u00e4hrend der Kernzeit immer vier Personen f\u00fcr die Krachmachergruppe da.<br><span style=\"color: #000000;\"><em>(F\u00fcr mehr Informationen bitte auf die Namen klicken)<\/em><\/span><\/p>\n\n\n\n<p><strong><a href=\"https:\/\/www.krabbelstube-krachmacherstrasse.de\/?page_id=346\" data-type=\"page\" data-id=\"346\">Christin<\/a><\/strong><\/p>\n\n\n\n<p><strong><a href=\"https:\/\/www.krabbelstube-krachmacherstrasse.de\/?page_id=91\" data-type=\"page\" data-id=\"91\">Nadja<\/a><\/strong><\/p>\n\n\n\n<p><strong><a href=\"https:\/\/www.krabbelstube-krachmacherstrasse.de\/?page_id=89\" data-type=\"page\" data-id=\"89\">Isabel<\/a><\/strong><\/p>\n\n\n\n<p><strong><a href=\"https:\/\/www.krabbelstube-krachmacherstrasse.de\/?page_id=588\" data-type=\"page\" data-id=\"588\">Laura<\/a><\/strong><\/p>\n\n\n\n<p><\/p>\n\n\n\n<p>Zu den Krachmachern geh\u00f6ren au\u00dferdem noch unsere K\u00f6chin&nbsp;<strong>Emine<\/strong>&nbsp;und unsere Reinigungskraft&nbsp;<strong>Milli.<\/strong><\/p>\n","protected":false},"excerpt":{"rendered":"<p>Unser multiprofessionelles Team besteht aus drei staatlich anerkannten Erzieherinnen und einer p\u00e4dagogischen Fachkraft.Im Durchschnitt sind w\u00e4hrend der Kernzeit immer vier Personen f\u00fcr die Krachmachergruppe da.(F\u00fcr mehr Informationen bitte auf die Namen klicken) Christin Nadja Isabel Laura Zu den Krachmachern geh\u00f6ren&hellip;<\/p>\n<p class=\"more-link-p\"><a class=\"more-link\" href=\"https:\/\/www.krabbelstube-krachmacherstrasse.de\/?page_id=24\">Read more &rarr;<\/a><\/p>\n","protected":false},"author":2,"featured_media":0,"parent":0,"menu_order":0,"comment_status":"closed","ping_status":"closed","template":"","meta":[],"_links":{"self":[{"href":"https:\/\/www.krabbelstube-krachmacherstrasse.de\/index.php?rest_route=\/wp\/v2\/pages\/24"}],"collection":[{"href":"https:\/\/www.krabbelstube-krachmacherstrasse.de\/index.php?rest_route=\/wp\/v2\/pages"}],"about":[{"href":"https:\/\/www.krabbelstube-krachmacherstrasse.de\/index.php?rest_route=\/wp\/v2\/types\/page"}],"author":[{"embeddable":true,"href":"https:\/\/www.krabbelstube-krachmacherstrasse.de\/index.php?rest_route=\/wp\/v2\/users\/2"}],"replies":[{"embeddable":true,"href":"https:\/\/www.krabbelstube-krachmacherstrasse.de\/index.php?rest_route=%2Fwp%2Fv2%2Fcomments&post=24"}],"version-history":[{"count":17,"href":"https:\/\/www.krabbelstube-krachmacherstrasse.de\/index.php?rest_route=\/wp\/v2\/pages\/24\/revisions"}],"predecessor-version":[{"id":709,"href":"https:\/\/www.krabbelstube-krachmacherstrasse.de\/index.php?rest_route=\/wp\/v2\/pages\/24\/revisions\/709"}],"wp:attachment":[{"href":"https:\/\/www.krabbelstube-krachmacherstrasse.de\/index.php?rest_route=%2Fwp%2Fv2%2Fmedia&parent=24"}],"curies":[{"name":"wp","href":"https:\/\/api.w.org\/{rel}","templated":true}]}}