{"id":244,"date":"2013-02-21T13:31:18","date_gmt":"2013-02-21T11:31:18","guid":{"rendered":"http:\/\/www.krabbelstube-krachmacherstrasse.de\/?page_id=244"},"modified":"2013-02-21T13:31:18","modified_gmt":"2013-02-21T11:31:18","slug":"3-3-3-elternabende","status":"publish","type":"page","link":"https:\/\/www.krabbelstube-krachmacherstrasse.de\/?page_id=244","title":{"rendered":"3.3.3 Elternabende"},"content":{"rendered":"<p>Neben den organisatorischen Elternabenden gibt es auch die p\u00e4dagogischen Elternabende. Hier werden entweder p\u00e4dagogische Themen erarbeitet oder Dinge aus dem Krabbelstubenalltag besprochen, die f\u00fcr die gesamte Elternschaft von Belang sind.<\/p>\n","protected":false},"excerpt":{"rendered":"<p>Neben den organisatorischen Elternabenden gibt es auch die p\u00e4dagogischen Elternabende. Hier werden entweder p\u00e4dagogische Themen erarbeitet oder Dinge aus dem Krabbelstubenalltag besprochen, die f\u00fcr die gesamte Elternschaft von Belang sind.<\/p>\n","protected":false},"author":1,"featured_media":0,"parent":236,"menu_order":3,"comment_status":"closed","ping_status":"closed","template":"","meta":[],"_links":{"self":[{"href":"https:\/\/www.krabbelstube-krachmacherstrasse.de\/index.php?rest_route=\/wp\/v2\/pages\/244"}],"collection":[{"href":"https:\/\/www.krabbelstube-krachmacherstrasse.de\/index.php?rest_route=\/wp\/v2\/pages"}],"about":[{"href":"https:\/\/www.krabbelstube-krachmacherstrasse.de\/index.php?rest_route=\/wp\/v2\/types\/page"}],"author":[{"embeddable":true,"href":"https:\/\/www.krabbelstube-krachmacherstrasse.de\/index.php?rest_route=\/wp\/v2\/users\/1"}],"replies":[{"embeddable":true,"href":"https:\/\/www.krabbelstube-krachmacherstrasse.de\/index.php?rest_route=%2Fwp%2Fv2%2Fcomments&post=244"}],"version-history":[{"count":1,"href":"https:\/\/www.krabbelstube-krachmacherstrasse.de\/index.php?rest_route=\/wp\/v2\/pages\/244\/revisions"}],"predecessor-version":[{"id":245,"href":"https:\/\/www.krabbelstube-krachmacherstrasse.de\/index.php?rest_route=\/wp\/v2\/pages\/244\/revisions\/245"}],"up":[{"embeddable":true,"href":"https:\/\/www.krabbelstube-krachmacherstrasse.de\/index.php?rest_route=\/wp\/v2\/pages\/236"}],"wp:attachment":[{"href":"https:\/\/www.krabbelstube-krachmacherstrasse.de\/index.php?rest_route=%2Fwp%2Fv2%2Fmedia&parent=244"}],"curies":[{"name":"wp","href":"https:\/\/api.w.org\/{rel}","templated":true}]}}