{"id":246,"date":"2013-02-21T13:31:56","date_gmt":"2013-02-21T11:31:56","guid":{"rendered":"http:\/\/www.krabbelstube-krachmacherstrasse.de\/?page_id=246"},"modified":"2013-02-21T13:31:56","modified_gmt":"2013-02-21T11:31:56","slug":"3-4-elternmitarbeit","status":"publish","type":"page","link":"https:\/\/www.krabbelstube-krachmacherstrasse.de\/?page_id=246","title":{"rendered":"3.4 Elternmitarbeit"},"content":{"rendered":"<p>Neben den 5 Vorstands\u00e4mtern bestehen weitere M\u00f6glichkeiten sich zu engagieren. In Arbeitskreisen (Spielzeuganschaffung, Erstellen eines Adventskalender, etc.) oder an Festen und Aktivit\u00e4ten k\u00f6nnen sich die Familien einbringen.<\/p>\n<p>Jede Familie \u00fcbernimmt entsprechend ihrer M\u00f6glichkeiten ein Amt, das zur Organisation der Krabbelstube oder des Vereins beitr\u00e4gt.<\/p>\n","protected":false},"excerpt":{"rendered":"<p>Neben den 5 Vorstands\u00e4mtern bestehen weitere M\u00f6glichkeiten sich zu engagieren. In Arbeitskreisen (Spielzeuganschaffung, Erstellen eines Adventskalender, etc.) oder an Festen und Aktivit\u00e4ten k\u00f6nnen sich die Familien einbringen. Jede Familie \u00fcbernimmt entsprechend ihrer M\u00f6glichkeiten ein Amt, das zur Organisation der Krabbelstube&hellip;<\/p>\n<p class=\"more-link-p\"><a class=\"more-link\" href=\"https:\/\/www.krabbelstube-krachmacherstrasse.de\/?page_id=246\">Read more &rarr;<\/a><\/p>\n","protected":false},"author":1,"featured_media":0,"parent":153,"menu_order":4,"comment_status":"closed","ping_status":"closed","template":"","meta":[],"_links":{"self":[{"href":"https:\/\/www.krabbelstube-krachmacherstrasse.de\/index.php?rest_route=\/wp\/v2\/pages\/246"}],"collection":[{"href":"https:\/\/www.krabbelstube-krachmacherstrasse.de\/index.php?rest_route=\/wp\/v2\/pages"}],"about":[{"href":"https:\/\/www.krabbelstube-krachmacherstrasse.de\/index.php?rest_route=\/wp\/v2\/types\/page"}],"author":[{"embeddable":true,"href":"https:\/\/www.krabbelstube-krachmacherstrasse.de\/index.php?rest_route=\/wp\/v2\/users\/1"}],"replies":[{"embeddable":true,"href":"https:\/\/www.krabbelstube-krachmacherstrasse.de\/index.php?rest_route=%2Fwp%2Fv2%2Fcomments&post=246"}],"version-history":[{"count":1,"href":"https:\/\/www.krabbelstube-krachmacherstrasse.de\/index.php?rest_route=\/wp\/v2\/pages\/246\/revisions"}],"predecessor-version":[{"id":247,"href":"https:\/\/www.krabbelstube-krachmacherstrasse.de\/index.php?rest_route=\/wp\/v2\/pages\/246\/revisions\/247"}],"up":[{"embeddable":true,"href":"https:\/\/www.krabbelstube-krachmacherstrasse.de\/index.php?rest_route=\/wp\/v2\/pages\/153"}],"wp:attachment":[{"href":"https:\/\/www.krabbelstube-krachmacherstrasse.de\/index.php?rest_route=%2Fwp%2Fv2%2Fmedia&parent=246"}],"curies":[{"name":"wp","href":"https:\/\/api.w.org\/{rel}","templated":true}]}}