{"id":363,"date":"2016-11-03T23:10:37","date_gmt":"2016-11-03T21:10:37","guid":{"rendered":"http:\/\/www.krabbelstube-krachmacherstrasse.de\/?page_id=363"},"modified":"2023-04-29T16:28:22","modified_gmt":"2023-04-29T14:28:22","slug":"praktikum","status":"publish","type":"page","link":"https:\/\/www.krabbelstube-krachmacherstrasse.de\/?page_id=363","title":{"rendered":"Praktikum"},"content":{"rendered":"\n<figure class=\"wp-block-image\"><a href=\"https:\/\/www.krabbelstube-krachmacherstrasse.de\/wp-content\/uploads\/2019\/11\/PraktVS.jpg\"><img decoding=\"async\" loading=\"lazy\" width=\"1024\" height=\"724\" src=\"https:\/\/www.krabbelstube-krachmacherstrasse.de\/wp-content\/uploads\/2019\/11\/PraktVS-1024x724.jpg\" alt=\"\" class=\"wp-image-507\" srcset=\"https:\/\/www.krabbelstube-krachmacherstrasse.de\/wp-content\/uploads\/2019\/11\/PraktVS-1024x724.jpg 1024w, https:\/\/www.krabbelstube-krachmacherstrasse.de\/wp-content\/uploads\/2019\/11\/PraktVS-300x212.jpg 300w, https:\/\/www.krabbelstube-krachmacherstrasse.de\/wp-content\/uploads\/2019\/11\/PraktVS-768x543.jpg 768w, https:\/\/www.krabbelstube-krachmacherstrasse.de\/wp-content\/uploads\/2019\/11\/PraktVS.jpg 1754w\" sizes=\"(max-width: 1024px) 100vw, 1024px\" \/><\/a><\/figure>\n\n\n\n<p class=\"has-text-align-center\"><strong>Wir nehmen jedes Krabbelstubenjahr eine Praktikantin\/einen Praktikanten im Anerkennungsjahr und\/oder im SPS (Sozialp\u00e4dagogisches Seminar), nat\u00fcrlich auch gerne Bundesfreiwillgendienstler oder FSJler.<\/strong><\/p>\n\n\n\n<p class=\"has-text-align-center\">Neben einer herzlichen Atmosph\u00e4re in der gesamten Krabbelstube, einem wertsch\u00e4tzenden Umgang im Team und mit den Eltern, erh\u00e4ltst du bei uns selbstverst\u00e4ndlich w\u00f6chentliche Anleitung sowie ganz viel M\u00f6glichkeit dich auszuprobieren und weiterzuentwickeln.<\/p>\n\n\n\n<p class=\"has-text-align-center\"><strong>Wir freuen uns \u00fcber Bewerbungen<\/strong><br>per mail an <a href=\"mailto:info@krabbelstube-krachmacherstrasse.de\">info@krabbelstube-krachmacherstrasse.de<\/a><\/p>\n\n\n\n<p class=\"has-text-align-center\">oder per Post an<br>Krabbelstube Krachmacherstra\u00dfe e.V.<br>F\u00fcrther Stra\u00dfe 22<br>90429 N\u00fcrnberg<\/p>\n\n\n\n<p class=\"has-text-align-center\">Gelegentlich besteht auch die M\u00f6glichkeit ein Block-, Begleit- oder Schnupperpraktikum in der Krabbelstube zu absolvieren &#8211; bei Interesse bitte telefonisch (0911-274 68 26) nachfragen.<\/p>\n\n\n\n<figure class=\"wp-block-image\"><a href=\"https:\/\/www.krabbelstube-krachmacherstrasse.de\/wp-content\/uploads\/2019\/11\/PraktRS.jpg\"><img decoding=\"async\" loading=\"lazy\" width=\"1024\" height=\"724\" src=\"https:\/\/www.krabbelstube-krachmacherstrasse.de\/wp-content\/uploads\/2019\/11\/PraktRS-1024x724.jpg\" alt=\"\" class=\"wp-image-508\" srcset=\"https:\/\/www.krabbelstube-krachmacherstrasse.de\/wp-content\/uploads\/2019\/11\/PraktRS-1024x724.jpg 1024w, https:\/\/www.krabbelstube-krachmacherstrasse.de\/wp-content\/uploads\/2019\/11\/PraktRS-300x212.jpg 300w, https:\/\/www.krabbelstube-krachmacherstrasse.de\/wp-content\/uploads\/2019\/11\/PraktRS-768x543.jpg 768w, https:\/\/www.krabbelstube-krachmacherstrasse.de\/wp-content\/uploads\/2019\/11\/PraktRS.jpg 1754w\" sizes=\"(max-width: 1024px) 100vw, 1024px\" \/><\/a><\/figure>\n","protected":false},"excerpt":{"rendered":"<p>Wir nehmen jedes Krabbelstubenjahr eine Praktikantin\/einen Praktikanten im Anerkennungsjahr und\/oder im SPS (Sozialp\u00e4dagogisches Seminar), nat\u00fcrlich auch gerne Bundesfreiwillgendienstler oder FSJler. Neben einer herzlichen Atmosph\u00e4re in der gesamten Krabbelstube, einem wertsch\u00e4tzenden Umgang im Team und mit den Eltern, erh\u00e4ltst du bei&hellip;<\/p>\n<p class=\"more-link-p\"><a class=\"more-link\" href=\"https:\/\/www.krabbelstube-krachmacherstrasse.de\/?page_id=363\">Read more &rarr;<\/a><\/p>\n","protected":false},"author":1,"featured_media":0,"parent":0,"menu_order":1,"comment_status":"closed","ping_status":"closed","template":"","meta":[],"_links":{"self":[{"href":"https:\/\/www.krabbelstube-krachmacherstrasse.de\/index.php?rest_route=\/wp\/v2\/pages\/363"}],"collection":[{"href":"https:\/\/www.krabbelstube-krachmacherstrasse.de\/index.php?rest_route=\/wp\/v2\/pages"}],"about":[{"href":"https:\/\/www.krabbelstube-krachmacherstrasse.de\/index.php?rest_route=\/wp\/v2\/types\/page"}],"author":[{"embeddable":true,"href":"https:\/\/www.krabbelstube-krachmacherstrasse.de\/index.php?rest_route=\/wp\/v2\/users\/1"}],"replies":[{"embeddable":true,"href":"https:\/\/www.krabbelstube-krachmacherstrasse.de\/index.php?rest_route=%2Fwp%2Fv2%2Fcomments&post=363"}],"version-history":[{"count":15,"href":"https:\/\/www.krabbelstube-krachmacherstrasse.de\/index.php?rest_route=\/wp\/v2\/pages\/363\/revisions"}],"predecessor-version":[{"id":603,"href":"https:\/\/www.krabbelstube-krachmacherstrasse.de\/index.php?rest_route=\/wp\/v2\/pages\/363\/revisions\/603"}],"wp:attachment":[{"href":"https:\/\/www.krabbelstube-krachmacherstrasse.de\/index.php?rest_route=%2Fwp%2Fv2%2Fmedia&parent=363"}],"curies":[{"name":"wp","href":"https:\/\/api.w.org\/{rel}","templated":true}]}}