{"id":477,"date":"2018-05-23T11:14:33","date_gmt":"2018-05-23T09:14:33","guid":{"rendered":"http:\/\/www.krabbelstube-krachmacherstrasse.de\/?page_id=477"},"modified":"2024-11-06T12:05:01","modified_gmt":"2024-11-06T10:05:01","slug":"datenschutzerklaerung","status":"publish","type":"page","link":"https:\/\/www.krabbelstube-krachmacherstrasse.de\/?page_id=477","title":{"rendered":"Datenschutzerkl\u00e4rung"},"content":{"rendered":"<h2>Wer wir sind<\/h2>\n<p>Unser Verein Krachmacherstra\u00dfe e.V. betreibt eine kleine Kinderkrippe, \u00fcber die Sie auf unserer Homepage Informationen erhalten k\u00f6nnen.<\/p>\n<p>Die Adresse unserer Website ist: https:\/\/www.krabbelstube-krachmacherstrasse.de.<\/p>\n<h2>Datenschutz<\/h2>\n<p>Nachfolgend m\u00f6chten wir Sie \u00fcber unsere Datenschutzerkl\u00e4rung informieren. Sie finden hier Informationen \u00fcber die Erhebung und Verwendung pers\u00f6nlicher Daten bei der Nutzung unserer Webseite. Wir beachten dabei das f\u00fcr Deutschland und die EU geltende Datenschutzrecht. Sie k\u00f6nnen diese Erkl\u00e4rung jederzeit auf unserer Webseite abrufen.<\/p>\n<p>Wir weisen ausdr\u00fccklich darauf hin, dass die Daten\u00fcbertragung im Internet (z.B. bei der Kommunikation per E-Mail) Sicherheitsl\u00fccken aufweisen und nicht l\u00fcckenlos vor dem Zugriff durch Dritte gesch\u00fctzt werden kann.<\/p>\n<p>Die Verwendung der Kontaktdaten unseres Impressums zur gewerblichen Werbung ist ausdr\u00fccklich nicht erw\u00fcnscht, es sei denn wir hatten zuvor unsere schriftliche Einwilligung erteilt oder es besteht bereits eine Gesch\u00e4ftsbeziehung. Der Anbieter und alle auf dieser Website genannten Personen widersprechen hiermit jeder kommerziellen Verwendung und Weitergabe ihrer Daten.<\/p>\n<h2>Personenbezogene Daten<\/h2>\n<p>Auf www.krabbelstube-krachmacherstrasse.de und allen zugeh\u00f6rigen Unterverzeichnissen werden standardm\u00e4\u00dfig zum Zweck der Systemsicherheit und statistischen Zwecken tempor\u00e4r, die Verbindungsdaten des anfragenden Rechners, die besuchten Webseiten, Datum und Dauer des Besuches, Erkennungsdaten des verwendeten Browser- und Betriebssystem-Typs sowie die Webseite, von der aus Sie uns besuchen, gespeichert. Die IP-Adressen werden f\u00fcr die statistische Auswertung anonymisiert, so dass hier keine R\u00fcckschl\u00fcsse auf Ihre Person m\u00f6glich sind.<\/p>\n<p>Beim Aufruf unserer Webseite\u00a0 werden die IP-Adressen der Besucher erfasst und in Logfiles durch unseren Domain-Anbieter gespeichert. Die IP-Adressen der Besucher Ihrer Webseiten werden dort zur Erkennung und Abwehr von Angriffen maximal sieben Tage gespeichert.<\/p>\n<p>Dar\u00fcber hinausgehende personenbezogene Angaben wie Ihr Name, Ihre Anschrift, Telefonnummer oder E-Mail-Adresse werden nicht erfasst.<\/p>\n<p>Auf unserer Homepage k\u00f6nnen Sie unser Anmeldeformular downloaden. Wir erfassen dort ausschlie\u00dflich personenbezogene Daten, die wir f\u00fcr die Aufnahme auf unserer Warteliste ben\u00f6tigen. Wir weisen ausdr\u00fccklich darauf hin, dass das Zusenden per Email nicht sicher ist und unter Umst\u00e4nden von Dritten eingesehen werden kann. Aus diesem Grund empfehlen wir, das Anmeldeformular per Post zu senden. Die Angabe der personenbezogenen Daten der Anmeldung sind freiwillig und werden ausschlie\u00dflich von unserem p\u00e4dagogischen Personal f\u00fcr das F\u00fchren der Warteliste und die Platzvergabe verwendet. Sp\u00e4testens 2 Jahre nach gew\u00fcnschtem Betreuungsbeginn werden die Anmeldungen vernichtet und gel\u00f6scht.<\/p>\n<p>Personenbezogene Daten, die Sie uns mit Ihrem Besuch auf unserer Homepage \u00fcbermitteln, geben wir nicht an Dritte weiter.<\/p>\n<p><strong>Auskunftsrecht<\/strong><br \/>\nSie haben das jederzeitige Recht, sich unentgeltlich und unverz\u00fcglich \u00fcber die zu Ihrer Person erhobenen Daten zu erkundigen. Sie haben das jederzeitige Recht, Ihre Zustimmung zur Verwendung Ihrer angegeben pers\u00f6nlichen Daten mit Wirkung f\u00fcr die Zukunft zu widerrufen. Zur Auskunftserteilung wenden Sie sich bitte an den Anbieter unter den Kontaktdaten im Impressum.<\/p>\n<p>Unseren Datenschutzbeauftragten k\u00f6nnen Sie unter<\/p>\n<p><a href=\"mailto:info@krabbelstube-krachmacherstrasse.de\">info(at)krabbelstube-krachmacherstrasse.de<\/a>\u00a0kontaktieren.<\/p>\n<h3><\/h3>\n","protected":false},"excerpt":{"rendered":"<p>Wer wir sind Unser Verein Krachmacherstra\u00dfe e.V. betreibt eine kleine Kinderkrippe, \u00fcber die Sie auf unserer Homepage Informationen erhalten k\u00f6nnen. Die Adresse unserer Website ist: https:\/\/www.krabbelstube-krachmacherstrasse.de. Datenschutz Nachfolgend m\u00f6chten wir Sie \u00fcber unsere Datenschutzerkl\u00e4rung informieren. Sie finden hier Informationen \u00fcber&hellip;<\/p>\n<p class=\"more-link-p\"><a class=\"more-link\" href=\"https:\/\/www.krabbelstube-krachmacherstrasse.de\/?page_id=477\">Read more &rarr;<\/a><\/p>\n","protected":false},"author":1,"featured_media":0,"parent":0,"menu_order":0,"comment_status":"closed","ping_status":"closed","template":"","meta":[],"_links":{"self":[{"href":"https:\/\/www.krabbelstube-krachmacherstrasse.de\/index.php?rest_route=\/wp\/v2\/pages\/477"}],"collection":[{"href":"https:\/\/www.krabbelstube-krachmacherstrasse.de\/index.php?rest_route=\/wp\/v2\/pages"}],"about":[{"href":"https:\/\/www.krabbelstube-krachmacherstrasse.de\/index.php?rest_route=\/wp\/v2\/types\/page"}],"author":[{"embeddable":true,"href":"https:\/\/www.krabbelstube-krachmacherstrasse.de\/index.php?rest_route=\/wp\/v2\/users\/1"}],"replies":[{"embeddable":true,"href":"https:\/\/www.krabbelstube-krachmacherstrasse.de\/index.php?rest_route=%2Fwp%2Fv2%2Fcomments&post=477"}],"version-history":[{"count":3,"href":"https:\/\/www.krabbelstube-krachmacherstrasse.de\/index.php?rest_route=\/wp\/v2\/pages\/477\/revisions"}],"predecessor-version":[{"id":686,"href":"https:\/\/www.krabbelstube-krachmacherstrasse.de\/index.php?rest_route=\/wp\/v2\/pages\/477\/revisions\/686"}],"wp:attachment":[{"href":"https:\/\/www.krabbelstube-krachmacherstrasse.de\/index.php?rest_route=%2Fwp%2Fv2%2Fmedia&parent=477"}],"curies":[{"name":"wp","href":"https:\/\/api.w.org\/{rel}","templated":true}]}}