{"id":79,"date":"2013-02-20T20:02:40","date_gmt":"2013-02-20T18:02:40","guid":{"rendered":"http:\/\/www.krabbelstube-krachmacherstrasse.de\/?page_id=79"},"modified":"2024-11-06T12:03:01","modified_gmt":"2024-11-06T10:03:01","slug":"anmeldung","status":"publish","type":"page","link":"https:\/\/www.krabbelstube-krachmacherstrasse.de\/?page_id=79","title":{"rendered":"Anmeldung"},"content":{"rendered":"\n<p>Auf der Website <a href=\"http:\/\/www.kita-portal.nuernberg.de\">www.kita-portal.nuernberg.de<\/a> k\u00f6nnen Eltern nicht nur nach Kitas suchen und sich \u00fcber diese informieren, sondern auch bei allen teilnehmenden Kitas anmelden.<\/p>\n\n\n\n<p>Der <strong>Anmeldeschluss im Kita Portal <\/strong>f\u00fcr die Vergabe zum neuen Kita-Jahr 2025\/2026 ist der <strong>31.01.2025<\/strong>. <\/p>\n\n\n\n<p>Ab dem 07. Februar nehmen wir Anmeldungen \u00fcber das Kita Portal entgegen. Die bisher abgegebenen Anmeldungen bleiben zwar weiterhin auf unserer Warteliste, eine zus\u00e4tzliche Anmeldung \u00fcber das Kita Portal ist aber empfehlenswert.<\/p>\n\n\n\n<p>Bei Fragen oder Bedenken hinsichtlich des neuen Anmeldeverfahrens k\u00f6nnen Sie sich gerne an uns oder die <strong>Servicestelle Kitaplatz<\/strong> wenden:<\/p>\n\n\n\n<p>09 11 \/ 2 31-1 04 44<\/p>\n\n\n\n<p>servicestelle-kitaplatz@stadt.nuernberg.de<\/p>\n\n\n\n<p>Eine Platzvergabe ohne pers\u00f6nlichen Kontakt, bei dem die Familien das p\u00e4dagogische Team, unser Konzept und unsere R\u00e4ume kennenlernt, wird bei uns trotz des Kita Portals nicht stattfinden.<\/p>\n","protected":false},"excerpt":{"rendered":"<p>Auf der Website www.kita-portal.nuernberg.de k\u00f6nnen Eltern nicht nur nach Kitas suchen und sich \u00fcber diese informieren, sondern auch bei allen teilnehmenden Kitas anmelden. Der Anmeldeschluss im Kita Portal f\u00fcr die Vergabe zum neuen Kita-Jahr 2025\/2026 ist der 31.01.2025. Ab dem&hellip;<\/p>\n<p class=\"more-link-p\"><a class=\"more-link\" href=\"https:\/\/www.krabbelstube-krachmacherstrasse.de\/?page_id=79\">Read more &rarr;<\/a><\/p>\n","protected":false},"author":1,"featured_media":0,"parent":0,"menu_order":0,"comment_status":"closed","ping_status":"closed","template":"","meta":[],"_links":{"self":[{"href":"https:\/\/www.krabbelstube-krachmacherstrasse.de\/index.php?rest_route=\/wp\/v2\/pages\/79"}],"collection":[{"href":"https:\/\/www.krabbelstube-krachmacherstrasse.de\/index.php?rest_route=\/wp\/v2\/pages"}],"about":[{"href":"https:\/\/www.krabbelstube-krachmacherstrasse.de\/index.php?rest_route=\/wp\/v2\/types\/page"}],"author":[{"embeddable":true,"href":"https:\/\/www.krabbelstube-krachmacherstrasse.de\/index.php?rest_route=\/wp\/v2\/users\/1"}],"replies":[{"embeddable":true,"href":"https:\/\/www.krabbelstube-krachmacherstrasse.de\/index.php?rest_route=%2Fwp%2Fv2%2Fcomments&post=79"}],"version-history":[{"count":24,"href":"https:\/\/www.krabbelstube-krachmacherstrasse.de\/index.php?rest_route=\/wp\/v2\/pages\/79\/revisions"}],"predecessor-version":[{"id":683,"href":"https:\/\/www.krabbelstube-krachmacherstrasse.de\/index.php?rest_route=\/wp\/v2\/pages\/79\/revisions\/683"}],"wp:attachment":[{"href":"https:\/\/www.krabbelstube-krachmacherstrasse.de\/index.php?rest_route=%2Fwp%2Fv2%2Fmedia&parent=79"}],"curies":[{"name":"wp","href":"https:\/\/api.w.org\/{rel}","templated":true}]}}