{"id":89,"date":"2013-02-20T20:12:14","date_gmt":"2013-02-20T18:12:14","guid":{"rendered":"http:\/\/www.krabbelstube-krachmacherstrasse.de\/?page_id=89"},"modified":"2023-04-29T16:12:03","modified_gmt":"2023-04-29T14:12:03","slug":"charlotte-schonlau","status":"publish","type":"page","link":"https:\/\/www.krabbelstube-krachmacherstrasse.de\/?page_id=89","title":{"rendered":"Isabel"},"content":{"rendered":"\n<figure class=\"wp-block-image size-large\"><img decoding=\"async\" loading=\"lazy\" width=\"768\" height=\"1024\" src=\"https:\/\/www.krabbelstube-krachmacherstrasse.de\/wp-content\/uploads\/2023\/04\/Foto-08.10.22-09-45-46-768x1024.jpg\" alt=\"\" class=\"wp-image-582\" srcset=\"https:\/\/www.krabbelstube-krachmacherstrasse.de\/wp-content\/uploads\/2023\/04\/Foto-08.10.22-09-45-46-768x1024.jpg 768w, https:\/\/www.krabbelstube-krachmacherstrasse.de\/wp-content\/uploads\/2023\/04\/Foto-08.10.22-09-45-46-scaled-225x300.jpg 225w, https:\/\/www.krabbelstube-krachmacherstrasse.de\/wp-content\/uploads\/2023\/04\/Foto-08.10.22-09-45-46-scaled-1152x1536.jpg 1152w, https:\/\/www.krabbelstube-krachmacherstrasse.de\/wp-content\/uploads\/2023\/04\/Foto-08.10.22-09-45-46-scaled-1536x2048.jpg 1536w, https:\/\/www.krabbelstube-krachmacherstrasse.de\/wp-content\/uploads\/2023\/04\/Foto-08.10.22-09-45-46-scaled.jpg 1920w\" sizes=\"(max-width: 768px) 100vw, 768px\" \/><\/figure>\n\n\n\n<p><strong>Isabel<\/strong>&nbsp;hat 2018 ihre Ausbildung zur staatlich anerkannten Erzieherin an der evangelischen Fachakademie f\u00fcr Sozialp\u00e4dagogik abgeschlossen.<br>Sie ist seit September 2022 als stellvertretende Leitung Teil des Krachmacherteams. Sie ist von Mutter von einem M\u00e4dchen (2 Jahre alt).<\/p>\n\n\n\n<p><strong>Fort- und Weiterbildungen:<\/strong><br>&#8211; P\u00e4dagogische Arbeit mit Kindern von 0-3 Jahren<br>&#8211; Gespr\u00e4chsf\u00fchrung<\/p>\n","protected":false},"excerpt":{"rendered":"<p>Isabel&nbsp;hat 2018 ihre Ausbildung zur staatlich anerkannten Erzieherin an der evangelischen Fachakademie f\u00fcr Sozialp\u00e4dagogik abgeschlossen.Sie ist seit September 2022 als stellvertretende Leitung Teil des Krachmacherteams. Sie ist von Mutter von einem M\u00e4dchen (2 Jahre alt). Fort- und Weiterbildungen:&#8211; P\u00e4dagogische Arbeit&hellip;<\/p>\n<p class=\"more-link-p\"><a class=\"more-link\" href=\"https:\/\/www.krabbelstube-krachmacherstrasse.de\/?page_id=89\">Read more &rarr;<\/a><\/p>\n","protected":false},"author":1,"featured_media":0,"parent":24,"menu_order":2,"comment_status":"closed","ping_status":"closed","template":"","meta":[],"_links":{"self":[{"href":"https:\/\/www.krabbelstube-krachmacherstrasse.de\/index.php?rest_route=\/wp\/v2\/pages\/89"}],"collection":[{"href":"https:\/\/www.krabbelstube-krachmacherstrasse.de\/index.php?rest_route=\/wp\/v2\/pages"}],"about":[{"href":"https:\/\/www.krabbelstube-krachmacherstrasse.de\/index.php?rest_route=\/wp\/v2\/types\/page"}],"author":[{"embeddable":true,"href":"https:\/\/www.krabbelstube-krachmacherstrasse.de\/index.php?rest_route=\/wp\/v2\/users\/1"}],"replies":[{"embeddable":true,"href":"https:\/\/www.krabbelstube-krachmacherstrasse.de\/index.php?rest_route=%2Fwp%2Fv2%2Fcomments&post=89"}],"version-history":[{"count":14,"href":"https:\/\/www.krabbelstube-krachmacherstrasse.de\/index.php?rest_route=\/wp\/v2\/pages\/89\/revisions"}],"predecessor-version":[{"id":592,"href":"https:\/\/www.krabbelstube-krachmacherstrasse.de\/index.php?rest_route=\/wp\/v2\/pages\/89\/revisions\/592"}],"up":[{"embeddable":true,"href":"https:\/\/www.krabbelstube-krachmacherstrasse.de\/index.php?rest_route=\/wp\/v2\/pages\/24"}],"wp:attachment":[{"href":"https:\/\/www.krabbelstube-krachmacherstrasse.de\/index.php?rest_route=%2Fwp%2Fv2%2Fmedia&parent=89"}],"curies":[{"name":"wp","href":"https:\/\/api.w.org\/{rel}","templated":true}]}}