{"id":91,"date":"2013-02-20T20:12:57","date_gmt":"2013-02-20T18:12:57","guid":{"rendered":"http:\/\/www.krabbelstube-krachmacherstrasse.de\/?page_id=91"},"modified":"2023-04-29T16:11:45","modified_gmt":"2023-04-29T14:11:45","slug":"nadja-haberler","status":"publish","type":"page","link":"https:\/\/www.krabbelstube-krachmacherstrasse.de\/?page_id=91","title":{"rendered":"Nadja"},"content":{"rendered":"\n<figure class=\"wp-block-image size-large\"><img decoding=\"async\" loading=\"lazy\" width=\"768\" height=\"1024\" src=\"https:\/\/www.krabbelstube-krachmacherstrasse.de\/wp-content\/uploads\/2023\/04\/Foto-08.10.22-09-56-46-768x1024.jpg\" alt=\"\" class=\"wp-image-585\" srcset=\"https:\/\/www.krabbelstube-krachmacherstrasse.de\/wp-content\/uploads\/2023\/04\/Foto-08.10.22-09-56-46-768x1024.jpg 768w, https:\/\/www.krabbelstube-krachmacherstrasse.de\/wp-content\/uploads\/2023\/04\/Foto-08.10.22-09-56-46-scaled-225x300.jpg 225w, https:\/\/www.krabbelstube-krachmacherstrasse.de\/wp-content\/uploads\/2023\/04\/Foto-08.10.22-09-56-46-scaled-1152x1536.jpg 1152w, https:\/\/www.krabbelstube-krachmacherstrasse.de\/wp-content\/uploads\/2023\/04\/Foto-08.10.22-09-56-46-scaled-1536x2048.jpg 1536w, https:\/\/www.krabbelstube-krachmacherstrasse.de\/wp-content\/uploads\/2023\/04\/Foto-08.10.22-09-56-46-scaled.jpg 1920w\" sizes=\"(max-width: 768px) 100vw, 768px\" \/><\/figure>\n\n\n\n<p><strong>Nadja<\/strong>&nbsp;ist staatlich gepr\u00fcfte Kinderpflegerin und arbeitet seit 2008 in der Krabbelstube. 2015 hat sie eine Weiterbildung zur p\u00e4dagogischen Fachkraft abgeschlossen.<\/p>\n\n\n\n<p><strong>Fort- und Weiterbildungen:<\/strong><br><strong>&#8211;&nbsp;<\/strong>P\u00e4dagogische Arbeit mit Kindern unter drei Jahren<br>&#8211; P\u00e4dagogik f\u00fcr Kinder von 0-3 Jahren &#8211; Ihre Bed\u00fcrfnisse erkennen und verstehen lernen<br>&#8211; Elterngespr\u00e4che erfolgreich f\u00fchren &#8211; Grundlagen und Techniken<br>&#8211; Gewaltfreie Kommunikation<br>&#8211; Krippenkongress: Partizipation, Selbstf\u00fcrsorge f\u00fcr Fachkr\u00e4fte im Krippenalltag, Konfliktbegleitung bei Krippenkindern<\/p>\n","protected":false},"excerpt":{"rendered":"<p>Nadja&nbsp;ist staatlich gepr\u00fcfte Kinderpflegerin und arbeitet seit 2008 in der Krabbelstube. 2015 hat sie eine Weiterbildung zur p\u00e4dagogischen Fachkraft abgeschlossen. Fort- und Weiterbildungen:&#8211;&nbsp;P\u00e4dagogische Arbeit mit Kindern unter drei Jahren&#8211; P\u00e4dagogik f\u00fcr Kinder von 0-3 Jahren &#8211; Ihre Bed\u00fcrfnisse erkennen und&hellip;<\/p>\n<p class=\"more-link-p\"><a class=\"more-link\" href=\"https:\/\/www.krabbelstube-krachmacherstrasse.de\/?page_id=91\">Read more &rarr;<\/a><\/p>\n","protected":false},"author":1,"featured_media":0,"parent":24,"menu_order":1,"comment_status":"closed","ping_status":"closed","template":"","meta":[],"_links":{"self":[{"href":"https:\/\/www.krabbelstube-krachmacherstrasse.de\/index.php?rest_route=\/wp\/v2\/pages\/91"}],"collection":[{"href":"https:\/\/www.krabbelstube-krachmacherstrasse.de\/index.php?rest_route=\/wp\/v2\/pages"}],"about":[{"href":"https:\/\/www.krabbelstube-krachmacherstrasse.de\/index.php?rest_route=\/wp\/v2\/types\/page"}],"author":[{"embeddable":true,"href":"https:\/\/www.krabbelstube-krachmacherstrasse.de\/index.php?rest_route=\/wp\/v2\/users\/1"}],"replies":[{"embeddable":true,"href":"https:\/\/www.krabbelstube-krachmacherstrasse.de\/index.php?rest_route=%2Fwp%2Fv2%2Fcomments&post=91"}],"version-history":[{"count":10,"href":"https:\/\/www.krabbelstube-krachmacherstrasse.de\/index.php?rest_route=\/wp\/v2\/pages\/91\/revisions"}],"predecessor-version":[{"id":591,"href":"https:\/\/www.krabbelstube-krachmacherstrasse.de\/index.php?rest_route=\/wp\/v2\/pages\/91\/revisions\/591"}],"up":[{"embeddable":true,"href":"https:\/\/www.krabbelstube-krachmacherstrasse.de\/index.php?rest_route=\/wp\/v2\/pages\/24"}],"wp:attachment":[{"href":"https:\/\/www.krabbelstube-krachmacherstrasse.de\/index.php?rest_route=%2Fwp%2Fv2%2Fmedia&parent=91"}],"curies":[{"name":"wp","href":"https:\/\/api.w.org\/{rel}","templated":true}]}}